{"id":2423,"date":"2022-07-12T12:05:44","date_gmt":"2022-07-12T10:05:44","guid":{"rendered":"https:\/\/chorkunst.de\/?page_id=2423"},"modified":"2026-01-10T12:49:24","modified_gmt":"2026-01-10T11:49:24","slug":"vorkurs-kinderchor-chor-i","status":"publish","type":"page","link":"https:\/\/chorkunst.de\/en\/kinderchoere\/vorkurs-kinderchor-chor-i\/","title":{"rendered":"Vorkurs Kinderchor &#8211; Chor I"},"content":{"rendered":"<div data-elementor-type=\"wp-page\" data-elementor-id=\"2423\" class=\"elementor elementor-2423\" data-elementor-post-type=\"page\">\n\t\t\t\t\t\t<section class=\"elementor-section elementor-top-section elementor-element elementor-element-fb7d781 elementor-section-height-min-height elementor-section-boxed elementor-section-height-default elementor-section-items-middle\" data-id=\"fb7d781\" data-element_type=\"section\" data-settings=\"{&quot;background_background&quot;:&quot;classic&quot;}\">\n\t\t\t\t\t\t\t<div class=\"elementor-background-overlay\"><\/div>\n\t\t\t\t\t\t\t<div class=\"elementor-container elementor-column-gap-default\">\n\t\t\t\t\t<div class=\"elementor-column elementor-col-100 elementor-top-column elementor-element elementor-element-b0fcc67\" data-id=\"b0fcc67\" data-element_type=\"column\" data-settings=\"{&quot;background_background&quot;:&quot;classic&quot;}\">\n\t\t\t<div class=\"elementor-widget-wrap\">\n\t\t\t\t\t\t\t<\/div>\n\t\t<\/div>\n\t\t\t\t\t<\/div>\n\t\t<\/section>\n\t\t\t\t<section class=\"elementor-section elementor-top-section elementor-element elementor-element-88d02e2 elementor-section-boxed elementor-section-height-default elementor-section-height-default\" data-id=\"88d02e2\" data-element_type=\"section\" data-settings=\"{&quot;background_background&quot;:&quot;classic&quot;}\">\n\t\t\t\t\t\t<div class=\"elementor-container elementor-column-gap-default\">\n\t\t\t\t\t<div class=\"elementor-column elementor-col-100 elementor-top-column elementor-element elementor-element-f0fb1e3\" data-id=\"f0fb1e3\" data-element_type=\"column\" data-settings=\"{&quot;background_background&quot;:&quot;classic&quot;}\">\n\t\t\t<div class=\"elementor-widget-wrap elementor-element-populated\">\n\t\t\t\t\t\t<section class=\"elementor-section elementor-inner-section elementor-element elementor-element-0da432e elementor-section-boxed elementor-section-height-default elementor-section-height-default\" data-id=\"0da432e\" data-element_type=\"section\">\n\t\t\t\t\t\t<div class=\"elementor-container elementor-column-gap-default\">\n\t\t\t\t\t<div class=\"elementor-column elementor-col-100 elementor-inner-column elementor-element elementor-element-75c7451\" data-id=\"75c7451\" data-element_type=\"column\">\n\t\t\t<div class=\"elementor-widget-wrap elementor-element-populated\">\n\t\t\t\t\t\t<div class=\"elementor-element elementor-element-c6283f7 elementor-widget elementor-widget-heading\" data-id=\"c6283f7\" data-element_type=\"widget\" data-widget_type=\"heading.default\">\n\t\t\t\t<div class=\"elementor-widget-container\">\n\t\t\t\t\t<h1 class=\"elementor-heading-title elementor-size-default\">Our preliminary course for children's choir in Munich<\/h1>\t\t\t\t<\/div>\n\t\t\t\t<\/div>\n\t\t\t\t<div class=\"elementor-element elementor-element-01fbed6 elementor-widget elementor-widget-text-editor\" data-id=\"01fbed6\" data-element_type=\"widget\" data-widget_type=\"text-editor.default\">\n\t\t\t\t<div class=\"elementor-widget-container\">\n\t\t\t\t\t\t\t\t\t<p>Children aged 4 to 6 years learn through play to immerse themselves in the world of music, to relax and develop a healthy self-confidence.<\/p>\t\t\t\t\t\t\t\t<\/div>\n\t\t\t\t<\/div>\n\t\t\t\t\t<\/div>\n\t\t<\/div>\n\t\t\t\t\t<\/div>\n\t\t<\/section>\n\t\t\t\t<div class=\"elementor-element elementor-element-f8cf4a7 elementor-mobile-align-center elementor-align-center elementor-widget elementor-widget-button\" data-id=\"f8cf4a7\" data-element_type=\"widget\" data-widget_type=\"button.default\">\n\t\t\t\t<div class=\"elementor-widget-container\">\n\t\t\t\t\t\t\t\t\t<div class=\"elementor-button-wrapper\">\n\t\t\t\t\t<a class=\"elementor-button elementor-button-link elementor-size-sm\" href=\"https:\/\/chorkunst.de\/en\/casting\/\">\n\t\t\t\t\t\t<span class=\"elementor-button-content-wrapper\">\n\t\t\t\t\t\t\t\t\t<span class=\"elementor-button-text\">Registration for casting<\/span>\n\t\t\t\t\t<\/span>\n\t\t\t\t\t<\/a>\n\t\t\t\t<\/div>\n\t\t\t\t\t\t\t\t<\/div>\n\t\t\t\t<\/div>\n\t\t\t\t\t<\/div>\n\t\t<\/div>\n\t\t\t\t\t<\/div>\n\t\t<\/section>\n\t\t\t\t<section class=\"elementor-section elementor-top-section elementor-element elementor-element-ba75f60 elementor-section-boxed elementor-section-height-default elementor-section-height-default\" data-id=\"ba75f60\" data-element_type=\"section\">\n\t\t\t\t\t\t<div class=\"elementor-container elementor-column-gap-default\">\n\t\t\t\t\t<div class=\"elementor-column elementor-col-100 elementor-top-column elementor-element elementor-element-9923e0e\" data-id=\"9923e0e\" data-element_type=\"column\" data-settings=\"{&quot;background_background&quot;:&quot;classic&quot;}\">\n\t\t\t<div class=\"elementor-widget-wrap elementor-element-populated\">\n\t\t\t\t\t\t<section class=\"elementor-section elementor-inner-section elementor-element elementor-element-4344ec6 elementor-section-boxed elementor-section-height-default elementor-section-height-default\" data-id=\"4344ec6\" data-element_type=\"section\">\n\t\t\t\t\t\t<div class=\"elementor-container elementor-column-gap-default\">\n\t\t\t\t\t<div class=\"elementor-column elementor-col-33 elementor-inner-column elementor-element elementor-element-607c208\" data-id=\"607c208\" data-element_type=\"column\" data-settings=\"{&quot;background_background&quot;:&quot;classic&quot;}\">\n\t\t\t<div class=\"elementor-widget-wrap elementor-element-populated\">\n\t\t\t\t\t\t<div class=\"elementor-element elementor-element-5920d6a elementor-view-default elementor-widget elementor-widget-icon\" data-id=\"5920d6a\" data-element_type=\"widget\" data-widget_type=\"icon.default\">\n\t\t\t\t<div class=\"elementor-widget-container\">\n\t\t\t\t\t\t\t<div class=\"elementor-icon-wrapper\">\n\t\t\t<div class=\"elementor-icon\">\n\t\t\t<svg aria-hidden=\"true\" class=\"e-font-icon-svg e-fas-music\" viewbox=\"0 0 512 512\" xmlns=\"http:\/\/www.w3.org\/2000\/svg\"><path d=\"M470.38 1.51L150.41 96A32 32 0 0 0 128 126.51v261.41A139 139 0 0 0 96 384c-53 0-96 28.66-96 64s43 64 96 64 96-28.66 96-64V214.32l256-75v184.61a138.4 138.4 0 0 0-32-3.93c-53 0-96 28.66-96 64s43 64 96 64 96-28.65 96-64V32a32 32 0 0 0-41.62-30.49z\"><\/path><\/svg>\t\t\t<\/div>\n\t\t<\/div>\n\t\t\t\t\t\t<\/div>\n\t\t\t\t<\/div>\n\t\t\t\t<div class=\"elementor-element elementor-element-71666a9 elementor-widget elementor-widget-heading\" data-id=\"71666a9\" data-element_type=\"widget\" data-widget_type=\"heading.default\">\n\t\t\t\t<div class=\"elementor-widget-container\">\n\t\t\t\t\t<h3 class=\"elementor-heading-title elementor-size-default\">Music with fun and games<\/h3>\t\t\t\t<\/div>\n\t\t\t\t<\/div>\n\t\t\t\t<div class=\"elementor-element elementor-element-2cc9d80 elementor-widget elementor-widget-text-editor\" data-id=\"2cc9d80\" data-element_type=\"widget\" data-widget_type=\"text-editor.default\">\n\t\t\t\t<div class=\"elementor-widget-container\">\n\t\t\t\t\t\t\t\t\t<p>We help the children to experience and understand music through varied and fun musical games.<\/p>\t\t\t\t\t\t\t\t<\/div>\n\t\t\t\t<\/div>\n\t\t\t\t\t<\/div>\n\t\t<\/div>\n\t\t\t\t<div class=\"elementor-column elementor-col-33 elementor-inner-column elementor-element elementor-element-c7bc010\" data-id=\"c7bc010\" data-element_type=\"column\" data-settings=\"{&quot;background_background&quot;:&quot;classic&quot;}\">\n\t\t\t<div class=\"elementor-widget-wrap elementor-element-populated\">\n\t\t\t\t\t\t<div class=\"elementor-element elementor-element-b7e2d6b elementor-view-default elementor-widget elementor-widget-icon\" data-id=\"b7e2d6b\" data-element_type=\"widget\" data-widget_type=\"icon.default\">\n\t\t\t\t<div class=\"elementor-widget-container\">\n\t\t\t\t\t\t\t<div class=\"elementor-icon-wrapper\">\n\t\t\t<div class=\"elementor-icon\">\n\t\t\t<svg aria-hidden=\"true\" class=\"e-font-icon-svg e-fas-user-graduate\" viewbox=\"0 0 448 512\" xmlns=\"http:\/\/www.w3.org\/2000\/svg\"><path d=\"M319.4 320.6L224 416l-95.4-95.4C57.1 323.7 0 382.2 0 454.4v9.6c0 26.5 21.5 48 48 48h352c26.5 0 48-21.5 48-48v-9.6c0-72.2-57.1-130.7-128.6-133.8zM13.6 79.8l6.4 1.5v58.4c-7 4.2-12 11.5-12 20.3 0 8.4 4.6 15.4 11.1 19.7L3.5 242c-1.7 6.9 2.1 14 7.6 14h41.8c5.5 0 9.3-7.1 7.6-14l-15.6-62.3C51.4 175.4 56 168.4 56 160c0-8.8-5-16.1-12-20.3V87.1l66 15.9c-8.6 17.2-14 36.4-14 57 0 70.7 57.3 128 128 128s128-57.3 128-128c0-20.6-5.3-39.8-14-57l96.3-23.2c18.2-4.4 18.2-27.1 0-31.5l-190.4-46c-13-3.1-26.7-3.1-39.7 0L13.6 48.2c-18.1 4.4-18.1 27.2 0 31.6z\"><\/path><\/svg>\t\t\t<\/div>\n\t\t<\/div>\n\t\t\t\t\t\t<\/div>\n\t\t\t\t<\/div>\n\t\t\t\t<div class=\"elementor-element elementor-element-a67527a elementor-widget elementor-widget-heading\" data-id=\"a67527a\" data-element_type=\"widget\" data-widget_type=\"heading.default\">\n\t\t\t\t<div class=\"elementor-widget-container\">\n\t\t\t\t\t<h3 class=\"elementor-heading-title elementor-size-default\">The basis of musical development<\/h3>\t\t\t\t<\/div>\n\t\t\t\t<\/div>\n\t\t\t\t<div class=\"elementor-element elementor-element-484070b elementor-widget elementor-widget-text-editor\" data-id=\"484070b\" data-element_type=\"widget\" data-widget_type=\"text-editor.default\">\n\t\t\t\t<div class=\"elementor-widget-container\">\n\t\t\t\t\t\t\t\t\tChildren get a first insight into the basics of music notation and thus learn a first theory in addition to the practice.\t\t\t\t\t\t\t\t<\/div>\n\t\t\t\t<\/div>\n\t\t\t\t\t<\/div>\n\t\t<\/div>\n\t\t\t\t<div class=\"elementor-column elementor-col-33 elementor-inner-column elementor-element elementor-element-944872d\" data-id=\"944872d\" data-element_type=\"column\" data-settings=\"{&quot;background_background&quot;:&quot;classic&quot;}\">\n\t\t\t<div class=\"elementor-widget-wrap elementor-element-populated\">\n\t\t\t\t\t\t<div class=\"elementor-element elementor-element-ab12c8a elementor-view-default elementor-widget elementor-widget-icon\" data-id=\"ab12c8a\" data-element_type=\"widget\" data-widget_type=\"icon.default\">\n\t\t\t\t<div class=\"elementor-widget-container\">\n\t\t\t\t\t\t\t<div class=\"elementor-icon-wrapper\">\n\t\t\t<div class=\"elementor-icon\">\n\t\t\t<svg aria-hidden=\"true\" class=\"e-font-icon-svg e-fas-microphone-alt\" viewbox=\"0 0 352 512\" xmlns=\"http:\/\/www.w3.org\/2000\/svg\"><path d=\"M336 192h-16c-8.84 0-16 7.16-16 16v48c0 74.8-64.49 134.82-140.79 127.38C96.71 376.89 48 317.11 48 250.3V208c0-8.84-7.16-16-16-16H16c-8.84 0-16 7.16-16 16v40.16c0 89.64 63.97 169.55 152 181.69V464H96c-8.84 0-16 7.16-16 16v16c0 8.84 7.16 16 16 16h160c8.84 0 16-7.16 16-16v-16c0-8.84-7.16-16-16-16h-56v-33.77C285.71 418.47 352 344.9 352 256v-48c0-8.84-7.16-16-16-16zM176 352c53.02 0 96-42.98 96-96h-85.33c-5.89 0-10.67-3.58-10.67-8v-16c0-4.42 4.78-8 10.67-8H272v-32h-85.33c-5.89 0-10.67-3.58-10.67-8v-16c0-4.42 4.78-8 10.67-8H272v-32h-85.33c-5.89 0-10.67-3.58-10.67-8v-16c0-4.42 4.78-8 10.67-8H272c0-53.02-42.98-96-96-96S80 42.98 80 96v160c0 53.02 42.98 96 96 96z\"><\/path><\/svg>\t\t\t<\/div>\n\t\t<\/div>\n\t\t\t\t\t\t<\/div>\n\t\t\t\t<\/div>\n\t\t\t\t<div class=\"elementor-element elementor-element-e0f495b elementor-widget elementor-widget-heading\" data-id=\"e0f495b\" data-element_type=\"widget\" data-widget_type=\"heading.default\">\n\t\t\t\t<div class=\"elementor-widget-container\">\n\t\t\t\t\t<h3 class=\"elementor-heading-title elementor-size-default\">Mastering your own voice<\/h3>\t\t\t\t<\/div>\n\t\t\t\t<\/div>\n\t\t\t\t<div class=\"elementor-element elementor-element-49073c0 elementor-widget elementor-widget-text-editor\" data-id=\"49073c0\" data-element_type=\"widget\" data-widget_type=\"text-editor.default\">\n\t\t\t\t<div class=\"elementor-widget-container\">\n\t\t\t\t\t\t\t\t\tChildren learn to control and intonate their own voice.\t\t\t\t\t\t\t\t<\/div>\n\t\t\t\t<\/div>\n\t\t\t\t\t<\/div>\n\t\t<\/div>\n\t\t\t\t\t<\/div>\n\t\t<\/section>\n\t\t\t\t\t<\/div>\n\t\t<\/div>\n\t\t\t\t\t<\/div>\n\t\t<\/section>\n\t\t\t\t<section class=\"elementor-section elementor-top-section elementor-element elementor-element-2756420 elementor-section-boxed elementor-section-height-default elementor-section-height-default\" data-id=\"2756420\" data-element_type=\"section\" data-settings=\"{&quot;background_background&quot;:&quot;classic&quot;}\">\n\t\t\t\t\t\t<div class=\"elementor-container elementor-column-gap-default\">\n\t\t\t\t\t<div class=\"elementor-column elementor-col-100 elementor-top-column elementor-element elementor-element-1272390\" data-id=\"1272390\" data-element_type=\"column\" data-settings=\"{&quot;background_background&quot;:&quot;classic&quot;}\">\n\t\t\t<div class=\"elementor-widget-wrap elementor-element-populated\">\n\t\t\t\t\t\t<section class=\"elementor-section elementor-inner-section elementor-element elementor-element-e7ad63a elementor-section-boxed elementor-section-height-default elementor-section-height-default\" data-id=\"e7ad63a\" data-element_type=\"section\">\n\t\t\t\t\t\t<div class=\"elementor-container elementor-column-gap-default\">\n\t\t\t\t\t<div class=\"elementor-column elementor-col-100 elementor-inner-column elementor-element elementor-element-044a35e\" data-id=\"044a35e\" data-element_type=\"column\">\n\t\t\t<div class=\"elementor-widget-wrap elementor-element-populated\">\n\t\t\t\t\t\t<div class=\"elementor-element elementor-element-208b9b8 elementor-widget elementor-widget-heading\" data-id=\"208b9b8\" data-element_type=\"widget\" data-widget_type=\"heading.default\">\n\t\t\t\t<div class=\"elementor-widget-container\">\n\t\t\t\t\t<h3 class=\"elementor-heading-title elementor-size-default\">The contents of our preliminary course<\/h3>\t\t\t\t<\/div>\n\t\t\t\t<\/div>\n\t\t\t\t<div class=\"elementor-element elementor-element-eccd259 elementor-widget elementor-widget-text-editor\" data-id=\"eccd259\" data-element_type=\"widget\" data-widget_type=\"text-editor.default\">\n\t\t\t\t<div class=\"elementor-widget-container\">\n\t\t\t\t\t\t\t\t\tThe preliminary course is aimed at children aged 4 to 6 years. The focus is on playfully encouraging your child's interest and musical potential. To do this, we draw on tried and tested methods of music education. Choir director Olga Nasyrov helps the children to relax and experience music in a playful way. Initial musical exercises and techniques help the children to develop a good musical foundation without losing the fun of music and singing. Through targeted support of vocal development, the children can learn to understand and use the full potential of their individual singing voice at an early age. Pre-course choir rehearsals take place every Wednesday from 4:00 to 5:00 pm at our School for Choral Arts in Munich.\u00a0\t\t\t\t\t\t\t\t<\/div>\n\t\t\t\t<\/div>\n\t\t\t\t\t<\/div>\n\t\t<\/div>\n\t\t\t\t\t<\/div>\n\t\t<\/section>\n\t\t\t\t\t<\/div>\n\t\t<\/div>\n\t\t\t\t\t<\/div>\n\t\t<\/section>\n\t\t\t\t<section class=\"elementor-section elementor-top-section elementor-element elementor-element-cd32ebd elementor-section-boxed elementor-section-height-default elementor-section-height-default\" data-id=\"cd32ebd\" data-element_type=\"section\" data-settings=\"{&quot;background_background&quot;:&quot;classic&quot;}\">\n\t\t\t\t\t\t\t<div class=\"elementor-background-overlay\"><\/div>\n\t\t\t\t\t\t\t<div class=\"elementor-container elementor-column-gap-default\">\n\t\t\t\t\t<div class=\"elementor-column elementor-col-100 elementor-top-column elementor-element elementor-element-d5fb8d5\" data-id=\"d5fb8d5\" data-element_type=\"column\" data-settings=\"{&quot;background_background&quot;:&quot;classic&quot;}\">\n\t\t\t<div class=\"elementor-widget-wrap elementor-element-populated\">\n\t\t\t\t\t\t<div class=\"elementor-element elementor-element-53fbf89 elementor-widget elementor-widget-menu-anchor\" data-id=\"53fbf89\" data-element_type=\"widget\" data-widget_type=\"menu-anchor.default\">\n\t\t\t\t<div class=\"elementor-widget-container\">\n\t\t\t\t\t\t\t<div class=\"elementor-menu-anchor\" id=\"zumcasting\"><\/div>\n\t\t\t\t\t\t<\/div>\n\t\t\t\t<\/div>\n\t\t\t\t<div class=\"elementor-element elementor-element-517b949 elementor-widget elementor-widget-heading\" data-id=\"517b949\" data-element_type=\"widget\" data-widget_type=\"heading.default\">\n\t\t\t\t<div class=\"elementor-widget-container\">\n\t\t\t\t\t<h2 class=\"elementor-heading-title elementor-size-default\">Would you like to help your child develop musically? Feel free to register for a free audition at our school.<\/h2>\t\t\t\t<\/div>\n\t\t\t\t<\/div>\n\t\t\t\t<div class=\"elementor-element elementor-element-28a2435 elementor-mobile-align-center elementor-align-center elementor-widget elementor-widget-button\" data-id=\"28a2435\" data-element_type=\"widget\" data-widget_type=\"button.default\">\n\t\t\t\t<div class=\"elementor-widget-container\">\n\t\t\t\t\t\t\t\t\t<div class=\"elementor-button-wrapper\">\n\t\t\t\t\t<a class=\"elementor-button elementor-button-link elementor-size-sm\" href=\"https:\/\/chorkunst.de\/en\/casting\/\">\n\t\t\t\t\t\t<span class=\"elementor-button-content-wrapper\">\n\t\t\t\t\t\t\t\t\t<span class=\"elementor-button-text\">To the casting<\/span>\n\t\t\t\t\t<\/span>\n\t\t\t\t\t<\/a>\n\t\t\t\t<\/div>\n\t\t\t\t\t\t\t\t<\/div>\n\t\t\t\t<\/div>\n\t\t\t\t\t<\/div>\n\t\t<\/div>\n\t\t\t\t\t<\/div>\n\t\t<\/section>\n\t\t\t\t<\/div>","protected":false},"excerpt":{"rendered":"<p>Unser Vorkurs Kinderchor in M\u00fcnchen Kinder im Alter von 4 bis 6 Jahren lernen spielerisch, in die Welt der Musik einzutauchen, sich zu entspannen und ein gesundes Selbstvertrauen zu entwickeln. Anmeldung zum Casting Musik mit Spiel und Spa\u00df Wir helfen den Kindern, durch abwechslungsreiche und unterhaltsame musikalische Spiele Musik zu erleben und zu verstehen. Die [&hellip;]<\/p>","protected":false},"author":4,"featured_media":0,"parent":2421,"menu_order":0,"comment_status":"closed","ping_status":"closed","template":"","meta":{"footnotes":""},"class_list":["post-2423","page","type-page","status-publish","hentry"],"yoast_head":"<!-- This site is optimized with the Yoast SEO plugin v19.2 - https:\/\/yoast.com\/wordpress\/plugins\/seo\/ -->\n<title>Vorkurs Kinderchor | M\u00fcnchen | Schule f\u00fcr Chorkunst<\/title>\n<meta name=\"description\" content=\"Der Vorkurs Kinderchor der Schule f\u00fcr Chorkunst M\u00fcnchen ist f\u00fcr Kinder von 4 bis 6 Jahren geeignet und bietet den Einstieg in Gesang und Chormusik. Mehr dazu.\" \/>\n<meta name=\"robots\" content=\"index, follow, max-snippet:-1, max-image-preview:large, max-video-preview:-1\" \/>\n<link rel=\"canonical\" href=\"https:\/\/chorkunst.de\/en\/kinderchoere\/vorkurs-kinderchor-chor-i\/\" \/>\n<meta property=\"og:locale\" content=\"en_US\" \/>\n<meta property=\"og:type\" content=\"article\" \/>\n<meta property=\"og:title\" content=\"Vorkurs Kinderchor | M\u00fcnchen | Schule f\u00fcr Chorkunst\" \/>\n<meta property=\"og:description\" content=\"Der Vorkurs Kinderchor der Schule f\u00fcr Chorkunst M\u00fcnchen ist f\u00fcr Kinder von 4 bis 6 Jahren geeignet und bietet den Einstieg in Gesang und Chormusik. Mehr dazu.\" \/>\n<meta property=\"og:url\" content=\"https:\/\/chorkunst.de\/en\/kinderchoere\/vorkurs-kinderchor-chor-i\/\" \/>\n<meta property=\"og:site_name\" content=\"Schule f\u00fcr Chorkunst M\u00fcnchen\" \/>\n<meta property=\"article:modified_time\" content=\"2026-01-10T11:49:24+00:00\" \/>\n<meta name=\"author\" content=\"design\" \/>\n<meta name=\"twitter:card\" content=\"summary_large_image\" \/>\n<meta name=\"twitter:label1\" content=\"Est. reading time\" \/>\n\t<meta name=\"twitter:data1\" content=\"2 minutes\" \/>\n<script type=\"application\/ld+json\" class=\"yoast-schema-graph\">{\"@context\":\"https:\/\/schema.org\",\"@graph\":[{\"@type\":\"WebSite\",\"@id\":\"https:\/\/chorkunst.de\/#website\",\"url\":\"https:\/\/chorkunst.de\/\",\"name\":\"Schule f\u00fcr Chorkunst M\u00fcnchen\",\"description\":\"\",\"potentialAction\":[{\"@type\":\"SearchAction\",\"target\":{\"@type\":\"EntryPoint\",\"urlTemplate\":\"https:\/\/chorkunst.de\/?s={search_term_string}\"},\"query-input\":\"required name=search_term_string\"}],\"inLanguage\":\"en-US\"},{\"@type\":\"WebPage\",\"@id\":\"https:\/\/chorkunst.de\/kinderchoere\/vorkurs-kinderchor-chor-i\/#webpage\",\"url\":\"https:\/\/chorkunst.de\/kinderchoere\/vorkurs-kinderchor-chor-i\/\",\"name\":\"Vorkurs Kinderchor | M\u00fcnchen | Schule f\u00fcr Chorkunst\",\"isPartOf\":{\"@id\":\"https:\/\/chorkunst.de\/#website\"},\"datePublished\":\"2022-07-12T10:05:44+00:00\",\"dateModified\":\"2026-01-10T11:49:24+00:00\",\"description\":\"Der Vorkurs Kinderchor der Schule f\u00fcr Chorkunst M\u00fcnchen ist f\u00fcr Kinder von 4 bis 6 Jahren geeignet und bietet den Einstieg in Gesang und Chormusik. Mehr dazu.\",\"breadcrumb\":{\"@id\":\"https:\/\/chorkunst.de\/kinderchoere\/vorkurs-kinderchor-chor-i\/#breadcrumb\"},\"inLanguage\":\"en-US\",\"potentialAction\":[{\"@type\":\"ReadAction\",\"target\":[\"https:\/\/chorkunst.de\/kinderchoere\/vorkurs-kinderchor-chor-i\/\"]}]},{\"@type\":\"BreadcrumbList\",\"@id\":\"https:\/\/chorkunst.de\/kinderchoere\/vorkurs-kinderchor-chor-i\/#breadcrumb\",\"itemListElement\":[{\"@type\":\"ListItem\",\"position\":1,\"name\":\"Startseite\",\"item\":\"https:\/\/chorkunst.de\/\"},{\"@type\":\"ListItem\",\"position\":2,\"name\":\"Kinderch\u00f6re\",\"item\":\"https:\/\/chorkunst.de\/kinderchoere\/\"},{\"@type\":\"ListItem\",\"position\":3,\"name\":\"Vorkurs Kinderchor &#8211; Chor I\"}]}]}<\/script>\n<!-- \/ Yoast SEO plugin. -->","yoast_head_json":{"title":"Vorkurs Kinderchor | M\u00fcnchen | Schule f\u00fcr Chorkunst","description":"Der Vorkurs Kinderchor der Schule f\u00fcr Chorkunst M\u00fcnchen ist f\u00fcr Kinder von 4 bis 6 Jahren geeignet und bietet den Einstieg in Gesang und Chormusik. Mehr dazu.","robots":{"index":"index","follow":"follow","max-snippet":"max-snippet:-1","max-image-preview":"max-image-preview:large","max-video-preview":"max-video-preview:-1"},"canonical":"https:\/\/chorkunst.de\/en\/kinderchoere\/vorkurs-kinderchor-chor-i\/","og_locale":"en_US","og_type":"article","og_title":"Vorkurs Kinderchor | M\u00fcnchen | Schule f\u00fcr Chorkunst","og_description":"Der Vorkurs Kinderchor der Schule f\u00fcr Chorkunst M\u00fcnchen ist f\u00fcr Kinder von 4 bis 6 Jahren geeignet und bietet den Einstieg in Gesang und Chormusik. Mehr dazu.","og_url":"https:\/\/chorkunst.de\/en\/kinderchoere\/vorkurs-kinderchor-chor-i\/","og_site_name":"Schule f\u00fcr Chorkunst M\u00fcnchen","article_modified_time":"2026-01-10T11:49:24+00:00","author":"design","twitter_card":"summary_large_image","twitter_misc":{"Est. reading time":"2 minutes"},"schema":{"@context":"https:\/\/schema.org","@graph":[{"@type":"WebSite","@id":"https:\/\/chorkunst.de\/#website","url":"https:\/\/chorkunst.de\/","name":"Schule f\u00fcr Chorkunst M\u00fcnchen","description":"","potentialAction":[{"@type":"SearchAction","target":{"@type":"EntryPoint","urlTemplate":"https:\/\/chorkunst.de\/?s={search_term_string}"},"query-input":"required name=search_term_string"}],"inLanguage":"en-US"},{"@type":"WebPage","@id":"https:\/\/chorkunst.de\/kinderchoere\/vorkurs-kinderchor-chor-i\/#webpage","url":"https:\/\/chorkunst.de\/kinderchoere\/vorkurs-kinderchor-chor-i\/","name":"Vorkurs Kinderchor | M\u00fcnchen | Schule f\u00fcr Chorkunst","isPartOf":{"@id":"https:\/\/chorkunst.de\/#website"},"datePublished":"2022-07-12T10:05:44+00:00","dateModified":"2026-01-10T11:49:24+00:00","description":"Der Vorkurs Kinderchor der Schule f\u00fcr Chorkunst M\u00fcnchen ist f\u00fcr Kinder von 4 bis 6 Jahren geeignet und bietet den Einstieg in Gesang und Chormusik. Mehr dazu.","breadcrumb":{"@id":"https:\/\/chorkunst.de\/kinderchoere\/vorkurs-kinderchor-chor-i\/#breadcrumb"},"inLanguage":"en-US","potentialAction":[{"@type":"ReadAction","target":["https:\/\/chorkunst.de\/kinderchoere\/vorkurs-kinderchor-chor-i\/"]}]},{"@type":"BreadcrumbList","@id":"https:\/\/chorkunst.de\/kinderchoere\/vorkurs-kinderchor-chor-i\/#breadcrumb","itemListElement":[{"@type":"ListItem","position":1,"name":"Startseite","item":"https:\/\/chorkunst.de\/"},{"@type":"ListItem","position":2,"name":"Kinderch\u00f6re","item":"https:\/\/chorkunst.de\/kinderchoere\/"},{"@type":"ListItem","position":3,"name":"Vorkurs Kinderchor &#8211; Chor I"}]}]}},"_links":{"self":[{"href":"https:\/\/chorkunst.de\/en\/wp-json\/wp\/v2\/pages\/2423","targetHints":{"allow":["GET"]}}],"collection":[{"href":"https:\/\/chorkunst.de\/en\/wp-json\/wp\/v2\/pages"}],"about":[{"href":"https:\/\/chorkunst.de\/en\/wp-json\/wp\/v2\/types\/page"}],"author":[{"embeddable":true,"href":"https:\/\/chorkunst.de\/en\/wp-json\/wp\/v2\/users\/4"}],"replies":[{"embeddable":true,"href":"https:\/\/chorkunst.de\/en\/wp-json\/wp\/v2\/comments?post=2423"}],"version-history":[{"count":0,"href":"https:\/\/chorkunst.de\/en\/wp-json\/wp\/v2\/pages\/2423\/revisions"}],"up":[{"embeddable":true,"href":"https:\/\/chorkunst.de\/en\/wp-json\/wp\/v2\/pages\/2421"}],"wp:attachment":[{"href":"https:\/\/chorkunst.de\/en\/wp-json\/wp\/v2\/media?parent=2423"}],"curies":[{"name":"wp","href":"https:\/\/api.w.org\/{rel}","templated":true}]}}