{"id":2425,"date":"2022-07-12T12:15:49","date_gmt":"2022-07-12T10:15:49","guid":{"rendered":"https:\/\/chorkunst.de\/?page_id=2425"},"modified":"2026-01-10T12:44:42","modified_gmt":"2026-01-10T11:44:42","slug":"basis-kinderchor-chor-ii","status":"publish","type":"page","link":"https:\/\/chorkunst.de\/en\/kinderchoere\/basis-kinderchor-chor-ii\/","title":{"rendered":"Basis Kinderchor &#8211; Chor II"},"content":{"rendered":"<div data-elementor-type=\"wp-page\" data-elementor-id=\"2425\" class=\"elementor elementor-2425\" data-elementor-post-type=\"page\">\n\t\t\t\t\t\t<section class=\"elementor-section elementor-top-section elementor-element elementor-element-2fe4aa6 elementor-section-height-min-height elementor-section-boxed elementor-section-height-default elementor-section-items-middle\" data-id=\"2fe4aa6\" data-element_type=\"section\" data-settings=\"{&quot;background_background&quot;:&quot;classic&quot;}\">\n\t\t\t\t\t\t\t<div class=\"elementor-background-overlay\"><\/div>\n\t\t\t\t\t\t\t<div class=\"elementor-container elementor-column-gap-default\">\n\t\t\t\t\t<div class=\"elementor-column elementor-col-100 elementor-top-column elementor-element elementor-element-7542cfc\" data-id=\"7542cfc\" data-element_type=\"column\" data-settings=\"{&quot;background_background&quot;:&quot;classic&quot;}\">\n\t\t\t<div class=\"elementor-widget-wrap\">\n\t\t\t\t\t\t\t<\/div>\n\t\t<\/div>\n\t\t\t\t\t<\/div>\n\t\t<\/section>\n\t\t\t\t<section class=\"elementor-section elementor-top-section elementor-element elementor-element-827b691 elementor-section-boxed elementor-section-height-default elementor-section-height-default\" data-id=\"827b691\" data-element_type=\"section\" data-settings=\"{&quot;background_background&quot;:&quot;classic&quot;}\">\n\t\t\t\t\t\t<div class=\"elementor-container elementor-column-gap-default\">\n\t\t\t\t\t<div class=\"elementor-column elementor-col-100 elementor-top-column elementor-element elementor-element-761153b\" data-id=\"761153b\" data-element_type=\"column\" data-settings=\"{&quot;background_background&quot;:&quot;classic&quot;}\">\n\t\t\t<div class=\"elementor-widget-wrap elementor-element-populated\">\n\t\t\t\t\t\t<section class=\"elementor-section elementor-inner-section elementor-element elementor-element-321d938 elementor-section-boxed elementor-section-height-default elementor-section-height-default\" data-id=\"321d938\" data-element_type=\"section\">\n\t\t\t\t\t\t<div class=\"elementor-container elementor-column-gap-default\">\n\t\t\t\t\t<div class=\"elementor-column elementor-col-100 elementor-inner-column elementor-element elementor-element-9f3cd3b\" data-id=\"9f3cd3b\" data-element_type=\"column\">\n\t\t\t<div class=\"elementor-widget-wrap elementor-element-populated\">\n\t\t\t\t\t\t<div class=\"elementor-element elementor-element-2f5f4d0 elementor-widget elementor-widget-heading\" data-id=\"2f5f4d0\" data-element_type=\"widget\" data-widget_type=\"heading.default\">\n\t\t\t\t<div class=\"elementor-widget-container\">\n\t\t\t\t\t<h1 class=\"elementor-heading-title elementor-size-default\">Our basic children's choir in Munich<\/h1>\t\t\t\t<\/div>\n\t\t\t\t<\/div>\n\t\t\t\t<div class=\"elementor-element elementor-element-338b670 elementor-widget elementor-widget-text-editor\" data-id=\"338b670\" data-element_type=\"widget\" data-widget_type=\"text-editor.default\">\n\t\t\t\t<div class=\"elementor-widget-container\">\n\t\t\t\t\t\t\t\t\t<p>In the basic children's choir, children aged 6 to 9 learn the first parts of music notation and develop their singing skills as a team.<\/p><p>In addition, they can already gain their first experience in public concerts at this stage.<\/p><p>If you are interested in participating, please feel free to register for an audition with us.<\/p>\t\t\t\t\t\t\t\t<\/div>\n\t\t\t\t<\/div>\n\t\t\t\t\t<\/div>\n\t\t<\/div>\n\t\t\t\t\t<\/div>\n\t\t<\/section>\n\t\t\t\t<div class=\"elementor-element elementor-element-e6c36bf elementor-mobile-align-center elementor-align-center elementor-widget elementor-widget-button\" data-id=\"e6c36bf\" data-element_type=\"widget\" data-widget_type=\"button.default\">\n\t\t\t\t<div class=\"elementor-widget-container\">\n\t\t\t\t\t\t\t\t\t<div class=\"elementor-button-wrapper\">\n\t\t\t\t\t<a class=\"elementor-button elementor-button-link elementor-size-sm\" href=\"https:\/\/chorkunst.de\/en\/casting\/\">\n\t\t\t\t\t\t<span class=\"elementor-button-content-wrapper\">\n\t\t\t\t\t\t\t\t\t<span class=\"elementor-button-text\">Registration for casting<\/span>\n\t\t\t\t\t<\/span>\n\t\t\t\t\t<\/a>\n\t\t\t\t<\/div>\n\t\t\t\t\t\t\t\t<\/div>\n\t\t\t\t<\/div>\n\t\t\t\t\t<\/div>\n\t\t<\/div>\n\t\t\t\t\t<\/div>\n\t\t<\/section>\n\t\t\t\t<section class=\"elementor-section elementor-top-section elementor-element elementor-element-318df9d elementor-section-boxed elementor-section-height-default elementor-section-height-default\" data-id=\"318df9d\" data-element_type=\"section\">\n\t\t\t\t\t\t<div class=\"elementor-container elementor-column-gap-default\">\n\t\t\t\t\t<div class=\"elementor-column elementor-col-100 elementor-top-column elementor-element elementor-element-6b8a5c3\" data-id=\"6b8a5c3\" data-element_type=\"column\" data-settings=\"{&quot;background_background&quot;:&quot;classic&quot;}\">\n\t\t\t<div class=\"elementor-widget-wrap elementor-element-populated\">\n\t\t\t\t\t\t<section class=\"elementor-section elementor-inner-section elementor-element elementor-element-1c740a8 elementor-section-boxed elementor-section-height-default elementor-section-height-default\" data-id=\"1c740a8\" data-element_type=\"section\">\n\t\t\t\t\t\t<div class=\"elementor-container elementor-column-gap-default\">\n\t\t\t\t\t<div class=\"elementor-column elementor-col-33 elementor-inner-column elementor-element elementor-element-f3b7150\" data-id=\"f3b7150\" data-element_type=\"column\" data-settings=\"{&quot;background_background&quot;:&quot;classic&quot;}\">\n\t\t\t<div class=\"elementor-widget-wrap elementor-element-populated\">\n\t\t\t\t\t\t<div class=\"elementor-element elementor-element-89bf656 elementor-widget elementor-widget-image\" data-id=\"89bf656\" data-element_type=\"widget\" data-widget_type=\"image.default\">\n\t\t\t\t<div class=\"elementor-widget-container\">\n\t\t\t\t\t\t\t\t\t\t\t\t\t\t\t<img fetchpriority=\"high\" decoding=\"async\" width=\"1200\" height=\"1200\" src=\"https:\/\/chorkunst.de\/wp-content\/uploads\/2022\/07\/Kultur-EV_Targeted-hearing-training.png\" class=\"attachment-full size-full wp-image-2543\" alt=\"Icon Ohr\" srcset=\"https:\/\/chorkunst.de\/wp-content\/uploads\/2022\/07\/Kultur-EV_Targeted-hearing-training.png 1200w, https:\/\/chorkunst.de\/wp-content\/uploads\/2022\/07\/Kultur-EV_Targeted-hearing-training-300x300.png 300w, https:\/\/chorkunst.de\/wp-content\/uploads\/2022\/07\/Kultur-EV_Targeted-hearing-training-1024x1024.png 1024w, https:\/\/chorkunst.de\/wp-content\/uploads\/2022\/07\/Kultur-EV_Targeted-hearing-training-150x150.png 150w, https:\/\/chorkunst.de\/wp-content\/uploads\/2022\/07\/Kultur-EV_Targeted-hearing-training-768x768.png 768w\" sizes=\"(max-width: 1200px) 100vw, 1200px\" \/>\t\t\t\t\t\t\t\t\t\t\t\t\t\t\t<\/div>\n\t\t\t\t<\/div>\n\t\t\t\t<div class=\"elementor-element elementor-element-3aacf8c elementor-widget elementor-widget-heading\" data-id=\"3aacf8c\" data-element_type=\"widget\" data-widget_type=\"heading.default\">\n\t\t\t\t<div class=\"elementor-widget-container\">\n\t\t\t\t\t<h3 class=\"elementor-heading-title elementor-size-default\">Targeted training of the auditory system<\/h3>\t\t\t\t<\/div>\n\t\t\t\t<\/div>\n\t\t\t\t<div class=\"elementor-element elementor-element-a31cf46 elementor-widget elementor-widget-text-editor\" data-id=\"a31cf46\" data-element_type=\"widget\" data-widget_type=\"text-editor.default\">\n\t\t\t\t<div class=\"elementor-widget-container\">\n\t\t\t\t\t\t\t\t\tThe children learn to recognise notes and to hear pitches accurately.\t\t\t\t\t\t\t\t<\/div>\n\t\t\t\t<\/div>\n\t\t\t\t\t<\/div>\n\t\t<\/div>\n\t\t\t\t<div class=\"elementor-column elementor-col-33 elementor-inner-column elementor-element elementor-element-20998f7\" data-id=\"20998f7\" data-element_type=\"column\" data-settings=\"{&quot;background_background&quot;:&quot;classic&quot;}\">\n\t\t\t<div class=\"elementor-widget-wrap elementor-element-populated\">\n\t\t\t\t\t\t<div class=\"elementor-element elementor-element-d14b928 elementor-widget elementor-widget-image\" data-id=\"d14b928\" data-element_type=\"widget\" data-widget_type=\"image.default\">\n\t\t\t\t<div class=\"elementor-widget-container\">\n\t\t\t\t\t\t\t\t\t\t\t\t\t\t\t<img decoding=\"async\" width=\"1200\" height=\"1200\" src=\"https:\/\/chorkunst.de\/wp-content\/uploads\/2022\/07\/Kultur-EV-singing.png\" class=\"attachment-full size-full wp-image-2545\" alt=\"Icon S\u00e4nger\" srcset=\"https:\/\/chorkunst.de\/wp-content\/uploads\/2022\/07\/Kultur-EV-singing.png 1200w, https:\/\/chorkunst.de\/wp-content\/uploads\/2022\/07\/Kultur-EV-singing-300x300.png 300w, https:\/\/chorkunst.de\/wp-content\/uploads\/2022\/07\/Kultur-EV-singing-1024x1024.png 1024w, https:\/\/chorkunst.de\/wp-content\/uploads\/2022\/07\/Kultur-EV-singing-150x150.png 150w, https:\/\/chorkunst.de\/wp-content\/uploads\/2022\/07\/Kultur-EV-singing-768x768.png 768w\" sizes=\"(max-width: 1200px) 100vw, 1200px\" \/>\t\t\t\t\t\t\t\t\t\t\t\t\t\t\t<\/div>\n\t\t\t\t<\/div>\n\t\t\t\t<div class=\"elementor-element elementor-element-4c68c25 elementor-widget elementor-widget-heading\" data-id=\"4c68c25\" data-element_type=\"widget\" data-widget_type=\"heading.default\">\n\t\t\t\t<div class=\"elementor-widget-container\">\n\t\t\t\t\t<h3 class=\"elementor-heading-title elementor-size-default\">Breathing techniques for singing<\/h3>\t\t\t\t<\/div>\n\t\t\t\t<\/div>\n\t\t\t\t<div class=\"elementor-element elementor-element-48db248 elementor-widget elementor-widget-text-editor\" data-id=\"48db248\" data-element_type=\"widget\" data-widget_type=\"text-editor.default\">\n\t\t\t\t<div class=\"elementor-widget-container\">\n\t\t\t\t\t\t\t\t\tThrough proper breathing techniques, the children learn to optimise their singing and refine their voice.\t\t\t\t\t\t\t\t<\/div>\n\t\t\t\t<\/div>\n\t\t\t\t\t<\/div>\n\t\t<\/div>\n\t\t\t\t<div class=\"elementor-column elementor-col-33 elementor-inner-column elementor-element elementor-element-ab7cfb5\" data-id=\"ab7cfb5\" data-element_type=\"column\" data-settings=\"{&quot;background_background&quot;:&quot;classic&quot;}\">\n\t\t\t<div class=\"elementor-widget-wrap elementor-element-populated\">\n\t\t\t\t\t\t<div class=\"elementor-element elementor-element-78373c0 elementor-widget elementor-widget-image\" data-id=\"78373c0\" data-element_type=\"widget\" data-widget_type=\"image.default\">\n\t\t\t\t<div class=\"elementor-widget-container\">\n\t\t\t\t\t\t\t\t\t\t\t\t\t\t\t<img decoding=\"async\" width=\"1200\" height=\"1200\" src=\"https:\/\/chorkunst.de\/wp-content\/uploads\/2022\/07\/Kultur-EV-concert.png\" class=\"attachment-full size-full wp-image-2546\" alt=\"Icon B\u00fchne\" srcset=\"https:\/\/chorkunst.de\/wp-content\/uploads\/2022\/07\/Kultur-EV-concert.png 1200w, https:\/\/chorkunst.de\/wp-content\/uploads\/2022\/07\/Kultur-EV-concert-300x300.png 300w, https:\/\/chorkunst.de\/wp-content\/uploads\/2022\/07\/Kultur-EV-concert-1024x1024.png 1024w, https:\/\/chorkunst.de\/wp-content\/uploads\/2022\/07\/Kultur-EV-concert-150x150.png 150w, https:\/\/chorkunst.de\/wp-content\/uploads\/2022\/07\/Kultur-EV-concert-768x768.png 768w\" sizes=\"(max-width: 1200px) 100vw, 1200px\" \/>\t\t\t\t\t\t\t\t\t\t\t\t\t\t\t<\/div>\n\t\t\t\t<\/div>\n\t\t\t\t<div class=\"elementor-element elementor-element-eb87234 elementor-widget elementor-widget-heading\" data-id=\"eb87234\" data-element_type=\"widget\" data-widget_type=\"heading.default\">\n\t\t\t\t<div class=\"elementor-widget-container\">\n\t\t\t\t\t<h3 class=\"elementor-heading-title elementor-size-default\">Participation in public concerts<\/h3>\t\t\t\t<\/div>\n\t\t\t\t<\/div>\n\t\t\t\t<div class=\"elementor-element elementor-element-c52b9b9 elementor-widget elementor-widget-text-editor\" data-id=\"c52b9b9\" data-element_type=\"widget\" data-widget_type=\"text-editor.default\">\n\t\t\t\t<div class=\"elementor-widget-container\">\n\t\t\t\t\t\t\t\t\tIn the basic choir, the children can gain their first live experience and perform at public concerts.\t\t\t\t\t\t\t\t<\/div>\n\t\t\t\t<\/div>\n\t\t\t\t\t<\/div>\n\t\t<\/div>\n\t\t\t\t\t<\/div>\n\t\t<\/section>\n\t\t\t\t\t<\/div>\n\t\t<\/div>\n\t\t\t\t\t<\/div>\n\t\t<\/section>\n\t\t\t\t<section class=\"elementor-section elementor-top-section elementor-element elementor-element-abeeb39 elementor-section-boxed elementor-section-height-default elementor-section-height-default\" data-id=\"abeeb39\" data-element_type=\"section\" data-settings=\"{&quot;background_background&quot;:&quot;classic&quot;}\">\n\t\t\t\t\t\t<div class=\"elementor-container elementor-column-gap-default\">\n\t\t\t\t\t<div class=\"elementor-column elementor-col-100 elementor-top-column elementor-element elementor-element-c83d1ad\" data-id=\"c83d1ad\" data-element_type=\"column\" data-settings=\"{&quot;background_background&quot;:&quot;classic&quot;}\">\n\t\t\t<div class=\"elementor-widget-wrap elementor-element-populated\">\n\t\t\t\t\t\t<section class=\"elementor-section elementor-inner-section elementor-element elementor-element-f027d72 elementor-section-boxed elementor-section-height-default elementor-section-height-default\" data-id=\"f027d72\" data-element_type=\"section\">\n\t\t\t\t\t\t<div class=\"elementor-container elementor-column-gap-default\">\n\t\t\t\t\t<div class=\"elementor-column elementor-col-100 elementor-inner-column elementor-element elementor-element-e626c9b\" data-id=\"e626c9b\" data-element_type=\"column\">\n\t\t\t<div class=\"elementor-widget-wrap elementor-element-populated\">\n\t\t\t\t\t\t<div class=\"elementor-element elementor-element-ed4373f elementor-widget elementor-widget-heading\" data-id=\"ed4373f\" data-element_type=\"widget\" data-widget_type=\"heading.default\">\n\t\t\t\t<div class=\"elementor-widget-container\">\n\t\t\t\t\t<h3 class=\"elementor-heading-title elementor-size-default\">The contents of our basic children's choir<\/h3>\t\t\t\t<\/div>\n\t\t\t\t<\/div>\n\t\t\t\t<div class=\"elementor-element elementor-element-a97edf4 elementor-widget elementor-widget-text-editor\" data-id=\"a97edf4\" data-element_type=\"widget\" data-widget_type=\"text-editor.default\">\n\t\t\t\t<div class=\"elementor-widget-container\">\n\t\t\t\t\t\t\t\t\t<p>At the next stage after the preliminary course, children aged 6 to 9 extend their learned skills and techniques in the basic children's choir.<\/p><p>At this level, the children learn the most important basic concepts and skills of choral singing:<\/p><p>You will learn the basic signs and beat figures of the conductor's language in order to be able to react correctly.<br \/>They get their first insights into music notation. They learn to sing in unison and to control their breathing.<br \/>They develop the necessary inner and outer calm to tune into singing.<br \/>They learn to develop a respectful attitude towards each other and towards the teacher.<\/p><p>Choirmaster Maksim Matsiushenkau promotes the basic children's choir together with Kaori Kashimoto as piano accompanist and will help the children to develop their skills in a targeted way but will never lose the fun in the process.<\/p><p>Our basic children's choir practices on Mondays and Wednesdays from 17:00 to 18:30.<\/p>\t\t\t\t\t\t\t\t<\/div>\n\t\t\t\t<\/div>\n\t\t\t\t\t<\/div>\n\t\t<\/div>\n\t\t\t\t\t<\/div>\n\t\t<\/section>\n\t\t\t\t\t<\/div>\n\t\t<\/div>\n\t\t\t\t\t<\/div>\n\t\t<\/section>\n\t\t\t\t<section class=\"elementor-section elementor-top-section elementor-element elementor-element-dfebd1c elementor-section-boxed elementor-section-height-default elementor-section-height-default\" data-id=\"dfebd1c\" data-element_type=\"section\" data-settings=\"{&quot;background_background&quot;:&quot;classic&quot;}\">\n\t\t\t\t\t\t\t<div class=\"elementor-background-overlay\"><\/div>\n\t\t\t\t\t\t\t<div class=\"elementor-container elementor-column-gap-default\">\n\t\t\t\t\t<div class=\"elementor-column elementor-col-100 elementor-top-column elementor-element elementor-element-ab12062\" data-id=\"ab12062\" data-element_type=\"column\" data-settings=\"{&quot;background_background&quot;:&quot;classic&quot;}\">\n\t\t\t<div class=\"elementor-widget-wrap elementor-element-populated\">\n\t\t\t\t\t\t<div class=\"elementor-element elementor-element-8136473 elementor-widget elementor-widget-menu-anchor\" data-id=\"8136473\" data-element_type=\"widget\" data-widget_type=\"menu-anchor.default\">\n\t\t\t\t<div class=\"elementor-widget-container\">\n\t\t\t\t\t\t\t<div class=\"elementor-menu-anchor\" id=\"zumcasting\"><\/div>\n\t\t\t\t\t\t<\/div>\n\t\t\t\t<\/div>\n\t\t\t\t<div class=\"elementor-element elementor-element-2e3cb6b elementor-widget elementor-widget-heading\" data-id=\"2e3cb6b\" data-element_type=\"widget\" data-widget_type=\"heading.default\">\n\t\t\t\t<div class=\"elementor-widget-container\">\n\t\t\t\t\t<h2 class=\"elementor-heading-title elementor-size-default\">If you are interested in our choir music, please feel free to register your child for a free audition at any time.<\/h2>\t\t\t\t<\/div>\n\t\t\t\t<\/div>\n\t\t\t\t<div class=\"elementor-element elementor-element-f9e18ef elementor-mobile-align-center elementor-align-center elementor-widget elementor-widget-button\" data-id=\"f9e18ef\" data-element_type=\"widget\" data-widget_type=\"button.default\">\n\t\t\t\t<div class=\"elementor-widget-container\">\n\t\t\t\t\t\t\t\t\t<div class=\"elementor-button-wrapper\">\n\t\t\t\t\t<a class=\"elementor-button elementor-button-link elementor-size-sm\" href=\"https:\/\/chorkunst.de\/en\/casting\/\">\n\t\t\t\t\t\t<span class=\"elementor-button-content-wrapper\">\n\t\t\t\t\t\t\t\t\t<span class=\"elementor-button-text\">Register for casting<\/span>\n\t\t\t\t\t<\/span>\n\t\t\t\t\t<\/a>\n\t\t\t\t<\/div>\n\t\t\t\t\t\t\t\t<\/div>\n\t\t\t\t<\/div>\n\t\t\t\t\t<\/div>\n\t\t<\/div>\n\t\t\t\t\t<\/div>\n\t\t<\/section>\n\t\t\t\t<\/div>","protected":false},"excerpt":{"rendered":"<p>Unser Basis-Kinderchor in M\u00fcnchen Im Basis-Kinderchor lernen Kinder im Alter von 6 bis 9 Jahren erste Teile der Notenlehre und entwickeln ihre individuellen Gesangsf\u00e4higkeiten im Team weiter. Dar\u00fcber hinaus sammeln sie hier auch schon erste Erfahrungen in \u00f6ffentlichen Konzerten. Bei Interesse an einer Teilnahme melden Sie sich gern f\u00fcr ein Vorsingen bei uns an. Anmeldung [&hellip;]<\/p>","protected":false},"author":4,"featured_media":0,"parent":2421,"menu_order":0,"comment_status":"closed","ping_status":"closed","template":"","meta":{"footnotes":""},"class_list":["post-2425","page","type-page","status-publish","hentry"],"yoast_head":"<!-- This site is optimized with the Yoast SEO plugin v19.2 - https:\/\/yoast.com\/wordpress\/plugins\/seo\/ -->\n<title>Basis Kinderchor | M\u00fcnchen | Schule f\u00fcr Chorkunst<\/title>\n<meta name=\"description\" content=\"Der Basis Kinderchor der Schule f\u00fcr Chorkunst M\u00fcnchen ist ein fortgeschrittener Kurs f\u00fcr Kinder zwischen 6 und 9 Jahren. Erfahren Sie mehr \u00fcber diesen Chor.\" \/>\n<meta name=\"robots\" content=\"index, follow, max-snippet:-1, max-image-preview:large, max-video-preview:-1\" \/>\n<link rel=\"canonical\" href=\"https:\/\/chorkunst.de\/en\/kinderchoere\/basis-kinderchor-chor-ii\/\" \/>\n<meta property=\"og:locale\" content=\"en_US\" \/>\n<meta property=\"og:type\" content=\"article\" \/>\n<meta property=\"og:title\" content=\"Basis Kinderchor | M\u00fcnchen | Schule f\u00fcr Chorkunst\" \/>\n<meta property=\"og:description\" content=\"Der Basis Kinderchor der Schule f\u00fcr Chorkunst M\u00fcnchen ist ein fortgeschrittener Kurs f\u00fcr Kinder zwischen 6 und 9 Jahren. Erfahren Sie mehr \u00fcber diesen Chor.\" \/>\n<meta property=\"og:url\" content=\"https:\/\/chorkunst.de\/en\/kinderchoere\/basis-kinderchor-chor-ii\/\" \/>\n<meta property=\"og:site_name\" content=\"Schule f\u00fcr Chorkunst M\u00fcnchen\" \/>\n<meta property=\"article:modified_time\" content=\"2026-01-10T11:44:42+00:00\" \/>\n<meta property=\"og:image\" content=\"https:\/\/chorkunst.de\/wp-content\/uploads\/2022\/07\/Kultur-EV_Targeted-hearing-training.png\" \/>\n<meta name=\"author\" content=\"design\" \/>\n<meta name=\"twitter:card\" content=\"summary_large_image\" \/>\n<meta name=\"twitter:label1\" content=\"Est. reading time\" \/>\n\t<meta name=\"twitter:data1\" content=\"2 minutes\" \/>\n<script type=\"application\/ld+json\" class=\"yoast-schema-graph\">{\"@context\":\"https:\/\/schema.org\",\"@graph\":[{\"@type\":\"WebSite\",\"@id\":\"https:\/\/chorkunst.de\/#website\",\"url\":\"https:\/\/chorkunst.de\/\",\"name\":\"Schule f\u00fcr Chorkunst M\u00fcnchen\",\"description\":\"\",\"potentialAction\":[{\"@type\":\"SearchAction\",\"target\":{\"@type\":\"EntryPoint\",\"urlTemplate\":\"https:\/\/chorkunst.de\/?s={search_term_string}\"},\"query-input\":\"required name=search_term_string\"}],\"inLanguage\":\"en-US\"},{\"@type\":\"ImageObject\",\"inLanguage\":\"en-US\",\"@id\":\"https:\/\/chorkunst.de\/kinderchoere\/basis-kinderchor-chor-ii\/#primaryimage\",\"url\":\"https:\/\/chorkunst.de\/wp-content\/uploads\/2022\/07\/Kultur-EV_Targeted-hearing-training.png\",\"contentUrl\":\"https:\/\/chorkunst.de\/wp-content\/uploads\/2022\/07\/Kultur-EV_Targeted-hearing-training.png\",\"width\":1200,\"height\":1200,\"caption\":\"Icon Ohr\"},{\"@type\":\"WebPage\",\"@id\":\"https:\/\/chorkunst.de\/kinderchoere\/basis-kinderchor-chor-ii\/#webpage\",\"url\":\"https:\/\/chorkunst.de\/kinderchoere\/basis-kinderchor-chor-ii\/\",\"name\":\"Basis Kinderchor | M\u00fcnchen | Schule f\u00fcr Chorkunst\",\"isPartOf\":{\"@id\":\"https:\/\/chorkunst.de\/#website\"},\"primaryImageOfPage\":{\"@id\":\"https:\/\/chorkunst.de\/kinderchoere\/basis-kinderchor-chor-ii\/#primaryimage\"},\"datePublished\":\"2022-07-12T10:15:49+00:00\",\"dateModified\":\"2026-01-10T11:44:42+00:00\",\"description\":\"Der Basis Kinderchor der Schule f\u00fcr Chorkunst M\u00fcnchen ist ein fortgeschrittener Kurs f\u00fcr Kinder zwischen 6 und 9 Jahren. Erfahren Sie mehr \u00fcber diesen Chor.\",\"breadcrumb\":{\"@id\":\"https:\/\/chorkunst.de\/kinderchoere\/basis-kinderchor-chor-ii\/#breadcrumb\"},\"inLanguage\":\"en-US\",\"potentialAction\":[{\"@type\":\"ReadAction\",\"target\":[\"https:\/\/chorkunst.de\/kinderchoere\/basis-kinderchor-chor-ii\/\"]}]},{\"@type\":\"BreadcrumbList\",\"@id\":\"https:\/\/chorkunst.de\/kinderchoere\/basis-kinderchor-chor-ii\/#breadcrumb\",\"itemListElement\":[{\"@type\":\"ListItem\",\"position\":1,\"name\":\"Startseite\",\"item\":\"https:\/\/chorkunst.de\/\"},{\"@type\":\"ListItem\",\"position\":2,\"name\":\"Kinderch\u00f6re\",\"item\":\"https:\/\/chorkunst.de\/kinderchoere\/\"},{\"@type\":\"ListItem\",\"position\":3,\"name\":\"Basis Kinderchor &#8211; Chor II\"}]}]}<\/script>\n<!-- \/ Yoast SEO plugin. -->","yoast_head_json":{"title":"Basis Kinderchor | M\u00fcnchen | Schule f\u00fcr Chorkunst","description":"Der Basis Kinderchor der Schule f\u00fcr Chorkunst M\u00fcnchen ist ein fortgeschrittener Kurs f\u00fcr Kinder zwischen 6 und 9 Jahren. Erfahren Sie mehr \u00fcber diesen Chor.","robots":{"index":"index","follow":"follow","max-snippet":"max-snippet:-1","max-image-preview":"max-image-preview:large","max-video-preview":"max-video-preview:-1"},"canonical":"https:\/\/chorkunst.de\/en\/kinderchoere\/basis-kinderchor-chor-ii\/","og_locale":"en_US","og_type":"article","og_title":"Basis Kinderchor | M\u00fcnchen | Schule f\u00fcr Chorkunst","og_description":"Der Basis Kinderchor der Schule f\u00fcr Chorkunst M\u00fcnchen ist ein fortgeschrittener Kurs f\u00fcr Kinder zwischen 6 und 9 Jahren. Erfahren Sie mehr \u00fcber diesen Chor.","og_url":"https:\/\/chorkunst.de\/en\/kinderchoere\/basis-kinderchor-chor-ii\/","og_site_name":"Schule f\u00fcr Chorkunst M\u00fcnchen","article_modified_time":"2026-01-10T11:44:42+00:00","og_image":[{"url":"https:\/\/chorkunst.de\/wp-content\/uploads\/2022\/07\/Kultur-EV_Targeted-hearing-training.png"}],"author":"design","twitter_card":"summary_large_image","twitter_misc":{"Est. reading time":"2 minutes"},"schema":{"@context":"https:\/\/schema.org","@graph":[{"@type":"WebSite","@id":"https:\/\/chorkunst.de\/#website","url":"https:\/\/chorkunst.de\/","name":"Schule f\u00fcr Chorkunst M\u00fcnchen","description":"","potentialAction":[{"@type":"SearchAction","target":{"@type":"EntryPoint","urlTemplate":"https:\/\/chorkunst.de\/?s={search_term_string}"},"query-input":"required name=search_term_string"}],"inLanguage":"en-US"},{"@type":"ImageObject","inLanguage":"en-US","@id":"https:\/\/chorkunst.de\/kinderchoere\/basis-kinderchor-chor-ii\/#primaryimage","url":"https:\/\/chorkunst.de\/wp-content\/uploads\/2022\/07\/Kultur-EV_Targeted-hearing-training.png","contentUrl":"https:\/\/chorkunst.de\/wp-content\/uploads\/2022\/07\/Kultur-EV_Targeted-hearing-training.png","width":1200,"height":1200,"caption":"Icon Ohr"},{"@type":"WebPage","@id":"https:\/\/chorkunst.de\/kinderchoere\/basis-kinderchor-chor-ii\/#webpage","url":"https:\/\/chorkunst.de\/kinderchoere\/basis-kinderchor-chor-ii\/","name":"Basis Kinderchor | M\u00fcnchen | Schule f\u00fcr Chorkunst","isPartOf":{"@id":"https:\/\/chorkunst.de\/#website"},"primaryImageOfPage":{"@id":"https:\/\/chorkunst.de\/kinderchoere\/basis-kinderchor-chor-ii\/#primaryimage"},"datePublished":"2022-07-12T10:15:49+00:00","dateModified":"2026-01-10T11:44:42+00:00","description":"Der Basis Kinderchor der Schule f\u00fcr Chorkunst M\u00fcnchen ist ein fortgeschrittener Kurs f\u00fcr Kinder zwischen 6 und 9 Jahren. Erfahren Sie mehr \u00fcber diesen Chor.","breadcrumb":{"@id":"https:\/\/chorkunst.de\/kinderchoere\/basis-kinderchor-chor-ii\/#breadcrumb"},"inLanguage":"en-US","potentialAction":[{"@type":"ReadAction","target":["https:\/\/chorkunst.de\/kinderchoere\/basis-kinderchor-chor-ii\/"]}]},{"@type":"BreadcrumbList","@id":"https:\/\/chorkunst.de\/kinderchoere\/basis-kinderchor-chor-ii\/#breadcrumb","itemListElement":[{"@type":"ListItem","position":1,"name":"Startseite","item":"https:\/\/chorkunst.de\/"},{"@type":"ListItem","position":2,"name":"Kinderch\u00f6re","item":"https:\/\/chorkunst.de\/kinderchoere\/"},{"@type":"ListItem","position":3,"name":"Basis Kinderchor &#8211; Chor II"}]}]}},"_links":{"self":[{"href":"https:\/\/chorkunst.de\/en\/wp-json\/wp\/v2\/pages\/2425","targetHints":{"allow":["GET"]}}],"collection":[{"href":"https:\/\/chorkunst.de\/en\/wp-json\/wp\/v2\/pages"}],"about":[{"href":"https:\/\/chorkunst.de\/en\/wp-json\/wp\/v2\/types\/page"}],"author":[{"embeddable":true,"href":"https:\/\/chorkunst.de\/en\/wp-json\/wp\/v2\/users\/4"}],"replies":[{"embeddable":true,"href":"https:\/\/chorkunst.de\/en\/wp-json\/wp\/v2\/comments?post=2425"}],"version-history":[{"count":0,"href":"https:\/\/chorkunst.de\/en\/wp-json\/wp\/v2\/pages\/2425\/revisions"}],"up":[{"embeddable":true,"href":"https:\/\/chorkunst.de\/en\/wp-json\/wp\/v2\/pages\/2421"}],"wp:attachment":[{"href":"https:\/\/chorkunst.de\/en\/wp-json\/wp\/v2\/media?parent=2425"}],"curies":[{"name":"wp","href":"https:\/\/api.w.org\/{rel}","templated":true}]}}