{"id":2440,"date":"2022-07-12T16:23:26","date_gmt":"2022-07-12T14:23:26","guid":{"rendered":"https:\/\/chorkunst.de\/?page_id=2440"},"modified":"2025-11-26T09:44:01","modified_gmt":"2025-11-26T08:44:01","slug":"gebuehrenordnung","status":"publish","type":"page","link":"https:\/\/chorkunst.de\/en\/ueber-uns\/gebuehrenordnung\/","title":{"rendered":"Fee schedule"},"content":{"rendered":"<div data-elementor-type=\"wp-page\" data-elementor-id=\"2440\" class=\"elementor elementor-2440\" data-elementor-post-type=\"page\">\n\t\t\t\t\t\t<section class=\"elementor-section elementor-top-section elementor-element elementor-element-31def83b elementor-section-height-min-height elementor-section-boxed elementor-section-height-default elementor-section-items-middle\" data-id=\"31def83b\" data-element_type=\"section\" data-settings=\"{&quot;background_background&quot;:&quot;classic&quot;}\">\n\t\t\t\t\t\t\t<div class=\"elementor-background-overlay\"><\/div>\n\t\t\t\t\t\t\t<div class=\"elementor-container elementor-column-gap-default\">\n\t\t\t\t\t<div class=\"elementor-column elementor-col-100 elementor-top-column elementor-element elementor-element-1c72db2f\" data-id=\"1c72db2f\" data-element_type=\"column\" data-settings=\"{&quot;background_background&quot;:&quot;classic&quot;}\">\n\t\t\t<div class=\"elementor-widget-wrap\">\n\t\t\t\t\t\t\t<\/div>\n\t\t<\/div>\n\t\t\t\t\t<\/div>\n\t\t<\/section>\n\t\t\t\t<section class=\"elementor-section elementor-top-section elementor-element elementor-element-f7c8ca2 elementor-section-boxed elementor-section-height-default elementor-section-height-default\" data-id=\"f7c8ca2\" data-element_type=\"section\" data-settings=\"{&quot;background_background&quot;:&quot;classic&quot;}\">\n\t\t\t\t\t\t<div class=\"elementor-container elementor-column-gap-default\">\n\t\t\t\t\t<div class=\"elementor-column elementor-col-100 elementor-top-column elementor-element elementor-element-a777d5a\" data-id=\"a777d5a\" data-element_type=\"column\" data-settings=\"{&quot;background_background&quot;:&quot;classic&quot;}\">\n\t\t\t<div class=\"elementor-widget-wrap elementor-element-populated\">\n\t\t\t\t\t\t<section class=\"elementor-section elementor-inner-section elementor-element elementor-element-2420cae elementor-section-boxed elementor-section-height-default elementor-section-height-default\" data-id=\"2420cae\" data-element_type=\"section\">\n\t\t\t\t\t\t<div class=\"elementor-container elementor-column-gap-default\">\n\t\t\t\t\t<div class=\"elementor-column elementor-col-100 elementor-inner-column elementor-element elementor-element-f45266e\" data-id=\"f45266e\" data-element_type=\"column\">\n\t\t\t<div class=\"elementor-widget-wrap elementor-element-populated\">\n\t\t\t\t\t\t<div class=\"elementor-element elementor-element-5e97cd1 elementor-widget elementor-widget-heading\" data-id=\"5e97cd1\" data-element_type=\"widget\" data-widget_type=\"heading.default\">\n\t\t\t\t<div class=\"elementor-widget-container\">\n\t\t\t\t\t<h1 class=\"elementor-heading-title elementor-size-default\">Tariffs of our choir school<\/h1>\t\t\t\t<\/div>\n\t\t\t\t<\/div>\n\t\t\t\t<div class=\"elementor-element elementor-element-653c979 elementor-widget elementor-widget-text-editor\" data-id=\"653c979\" data-element_type=\"widget\" data-widget_type=\"text-editor.default\">\n\t\t\t\t<div class=\"elementor-widget-container\">\n\t\t\t\t\t\t\t\t\t<p>See the current list of our rates according to the fee schedule. If you have any questions, please feel free to contact us personally at any time.<\/p>\t\t\t\t\t\t\t\t<\/div>\n\t\t\t\t<\/div>\n\t\t\t\t\t<\/div>\n\t\t<\/div>\n\t\t\t\t\t<\/div>\n\t\t<\/section>\n\t\t\t\t<div class=\"elementor-element elementor-element-3c46a60 elementor-mobile-align-center elementor-align-center elementor-widget elementor-widget-button\" data-id=\"3c46a60\" data-element_type=\"widget\" data-widget_type=\"button.default\">\n\t\t\t\t<div class=\"elementor-widget-container\">\n\t\t\t\t\t\t\t\t\t<div class=\"elementor-button-wrapper\">\n\t\t\t\t\t<a class=\"elementor-button elementor-button-link elementor-size-sm\" href=\"tel:+498912597793\">\n\t\t\t\t\t\t<span class=\"elementor-button-content-wrapper\">\n\t\t\t\t\t\t\t\t\t<span class=\"elementor-button-text\">08912 597793<\/span>\n\t\t\t\t\t<\/span>\n\t\t\t\t\t<\/a>\n\t\t\t\t<\/div>\n\t\t\t\t\t\t\t\t<\/div>\n\t\t\t\t<\/div>\n\t\t\t\t\t<\/div>\n\t\t<\/div>\n\t\t\t\t\t<\/div>\n\t\t<\/section>\n\t\t\t\t<section class=\"elementor-section elementor-top-section elementor-element elementor-element-51e6397 elementor-section-boxed elementor-section-height-default elementor-section-height-default\" data-id=\"51e6397\" data-element_type=\"section\">\n\t\t\t\t\t\t<div class=\"elementor-container elementor-column-gap-default\">\n\t\t\t\t\t<div class=\"elementor-column elementor-col-100 elementor-top-column elementor-element elementor-element-45d19e7\" data-id=\"45d19e7\" data-element_type=\"column\" data-settings=\"{&quot;background_background&quot;:&quot;classic&quot;}\">\n\t\t\t<div class=\"elementor-widget-wrap elementor-element-populated\">\n\t\t\t\t\t\t<div class=\"elementor-element elementor-element-859dc12 elementor-widget elementor-widget-heading\" data-id=\"859dc12\" data-element_type=\"widget\" data-widget_type=\"heading.default\">\n\t\t\t\t<div class=\"elementor-widget-container\">\n\t\t\t\t\t<h3 class=\"elementor-heading-title elementor-size-default\">Current scale of fees<\/h3>\t\t\t\t<\/div>\n\t\t\t\t<\/div>\n\t\t\t\t<div class=\"elementor-element elementor-element-c4b6373 customTable elementor-widget elementor-widget-text-editor\" data-id=\"c4b6373\" data-element_type=\"widget\" data-widget_type=\"text-editor.default\">\n\t\t\t\t<div class=\"elementor-widget-container\">\n\t\t\t\t\t\t\t\t\t<table class=\"aligncenter\" width=\"963\"><tbody><tr><td colspan=\"2\" width=\"527\">Subject<\/td><td width=\"274\"><strong>Lesson per week<\/strong><\/td><td width=\"163\"><strong>Fees per month<\/strong><\/td><\/tr><tr><td colspan=\"2\" width=\"527\">Pre-course (Choir I), age 4-6 years<\/td><td width=\"274\">60 Min<\/td><td width=\"163\">45 Euro<\/td><\/tr><tr><td colspan=\"2\" width=\"527\">Basic Children's Choir (Choir II), age 6-9 years<\/td><td width=\"274\">2 x 90 Min (=180 Min)<\/td><td width=\"163\">80 Euro<\/td><\/tr><tr><td colspan=\"2\" width=\"527\">Concert Children's Choir (Choir III), age 9-17 years<\/td><td width=\"274\">2 x 120 Min (=240 Min)<\/td><td width=\"163\">80 Euro<\/td><\/tr><tr><td colspan=\"2\" width=\"527\"><p>Private lessons: voice training, piano<\/p><p><span style=\"color: #3366ff;\">(when participating in one of our choirs)<\/span><\/p><\/td><td width=\"274\"><p>30 Min<\/p><p>45 Min<\/p><p>60 Min<\/p><\/td><td width=\"163\"><p>90 Euro<\/p><p>125 Euro<\/p><p>160 Euro<\/p><\/td><\/tr><tr><td colspan=\"2\" width=\"527\"><p>Private lessons: voice training, piano<\/p><p><span style=\"color: #3366ff;\">(without participating in one of our choirs)<\/span><\/p><\/td><td width=\"274\"><p>30 Min<\/p><p>45 Min<\/p><p>60 Min<\/p><\/td><td width=\"163\"><p>105 Euro<\/p><p>155 Euro<\/p><p>205 Euro<\/p><\/td><\/tr><tr><td width=\"311\"><p>Trial lesson one time<\/p><p>To be paid in cash. If a contract credited.<\/p><\/td><td width=\"216\"><p>Group lessons<\/p><p>Private lessons<\/p><\/td><td width=\"274\"><p>one-off<\/p><p>one-off<\/p><\/td><td width=\"163\"><p>10 Euro<\/p><p>15 Euro<\/p><\/td><\/tr><tr><td colspan=\"4\" width=\"963\"><table style=\"height: 51px;\" width=\"954\"><tbody><tr><td style=\"text-align: right;\" colspan=\"4\" width=\"963\"><p style=\"text-align: center;\"><span style=\"font-size: 14.4px;\">Registration fee (for first-time registration) one time only 20 Euro<\/span><\/p><\/td><\/tr><\/tbody><\/table><p>Reduction for siblings: For the 2nd child in a family 10%, for the 3rd child 20%, for the 4th child 30%.<\/p><\/td><\/tr><\/tbody><\/table>\t\t\t\t\t\t\t\t<\/div>\n\t\t\t\t<\/div>\n\t\t\t\t\t<\/div>\n\t\t<\/div>\n\t\t\t\t\t<\/div>\n\t\t<\/section>\n\t\t\t\t<section class=\"elementor-section elementor-top-section elementor-element elementor-element-f19aacd elementor-section-boxed elementor-section-height-default elementor-section-height-default\" data-id=\"f19aacd\" data-element_type=\"section\" data-settings=\"{&quot;background_background&quot;:&quot;classic&quot;}\">\n\t\t\t\t\t\t\t<div class=\"elementor-background-overlay\"><\/div>\n\t\t\t\t\t\t\t<div class=\"elementor-container elementor-column-gap-default\">\n\t\t\t\t\t<div class=\"elementor-column elementor-col-100 elementor-top-column elementor-element elementor-element-ef9a354\" data-id=\"ef9a354\" data-element_type=\"column\" data-settings=\"{&quot;background_background&quot;:&quot;classic&quot;}\">\n\t\t\t<div class=\"elementor-widget-wrap elementor-element-populated\">\n\t\t\t\t\t\t<div class=\"elementor-element elementor-element-4043b6b elementor-widget elementor-widget-menu-anchor\" data-id=\"4043b6b\" data-element_type=\"widget\" data-widget_type=\"menu-anchor.default\">\n\t\t\t\t<div class=\"elementor-widget-container\">\n\t\t\t\t\t\t\t<div class=\"elementor-menu-anchor\" id=\"zumcasting\"><\/div>\n\t\t\t\t\t\t<\/div>\n\t\t\t\t<\/div>\n\t\t\t\t<div class=\"elementor-element elementor-element-b2c52a3 elementor-widget elementor-widget-heading\" data-id=\"b2c52a3\" data-element_type=\"widget\" data-widget_type=\"heading.default\">\n\t\t\t\t<div class=\"elementor-widget-container\">\n\t\t\t\t\t<h2 class=\"elementor-heading-title elementor-size-default\">Do you have any questions about the prices listed here? The team at our music school will be happy to help you personally.<\/h2>\t\t\t\t<\/div>\n\t\t\t\t<\/div>\n\t\t\t\t<div class=\"elementor-element elementor-element-9a53e4d elementor-mobile-align-center elementor-align-center elementor-widget elementor-widget-button\" data-id=\"9a53e4d\" data-element_type=\"widget\" data-widget_type=\"button.default\">\n\t\t\t\t<div class=\"elementor-widget-container\">\n\t\t\t\t\t\t\t\t\t<div class=\"elementor-button-wrapper\">\n\t\t\t\t\t<a class=\"elementor-button elementor-button-link elementor-size-sm\" href=\"tel:+498912597793\">\n\t\t\t\t\t\t<span class=\"elementor-button-content-wrapper\">\n\t\t\t\t\t\t\t\t\t<span class=\"elementor-button-text\">08912 597793<\/span>\n\t\t\t\t\t<\/span>\n\t\t\t\t\t<\/a>\n\t\t\t\t<\/div>\n\t\t\t\t\t\t\t\t<\/div>\n\t\t\t\t<\/div>\n\t\t\t\t\t<\/div>\n\t\t<\/div>\n\t\t\t\t\t<\/div>\n\t\t<\/section>\n\t\t\t\t<\/div>","protected":false},"excerpt":{"rendered":"<p>Tarife unserer Chorschule Hier finden Sie die aktuelle Liste unserer Tarife entsprechend der Geb\u00fchrenordnung. Bei Fragen melden Sie sich gern jederzeit pers\u00f6nlich bei uns. 08912 597793 Aktuelle Geb\u00fchrenordnung Unterrichtsfach Unterrichtseinheit pro Woche Geb\u00fchren pro Monat Vorkurs (Chor I), Alter 4-6 Jahre 60 Min 45 Euro Basis-Kinderchor (Chor II), Alter 6-9 Jahre 2 x 90 Min [&hellip;]<\/p>","protected":false},"author":4,"featured_media":0,"parent":2437,"menu_order":0,"comment_status":"closed","ping_status":"closed","template":"","meta":{"footnotes":""},"class_list":["post-2440","page","type-page","status-publish","hentry"],"yoast_head":"<!-- This site is optimized with the Yoast SEO plugin v19.2 - https:\/\/yoast.com\/wordpress\/plugins\/seo\/ -->\n<title>Kinderchor Tarife | M\u00fcnchen | Schule f\u00fcr Chorkunst<\/title>\n<meta name=\"description\" content=\"Die Tarife f\u00fcr die Ausbildung in unseren Kinderch\u00f6ren finden Sie hier. Bei weiteren Fragen wenden Sie sich bitte direkt an das Team der Schule f\u00fcr Chorkunst M\u00fcnchen.\" \/>\n<meta name=\"robots\" content=\"index, follow, max-snippet:-1, max-image-preview:large, max-video-preview:-1\" \/>\n<link rel=\"canonical\" href=\"https:\/\/chorkunst.de\/en\/ueber-uns\/gebuehrenordnung\/\" \/>\n<meta property=\"og:locale\" content=\"en_US\" \/>\n<meta property=\"og:type\" content=\"article\" \/>\n<meta property=\"og:title\" content=\"Kinderchor Tarife | M\u00fcnchen | Schule f\u00fcr Chorkunst\" \/>\n<meta property=\"og:description\" content=\"Die Tarife f\u00fcr die Ausbildung in unseren Kinderch\u00f6ren finden Sie hier. Bei weiteren Fragen wenden Sie sich bitte direkt an das Team der Schule f\u00fcr Chorkunst M\u00fcnchen.\" \/>\n<meta property=\"og:url\" content=\"https:\/\/chorkunst.de\/en\/ueber-uns\/gebuehrenordnung\/\" \/>\n<meta property=\"og:site_name\" content=\"Schule f\u00fcr Chorkunst M\u00fcnchen\" \/>\n<meta property=\"article:modified_time\" content=\"2025-11-26T08:44:01+00:00\" \/>\n<meta name=\"author\" content=\"design\" \/>\n<meta name=\"twitter:card\" content=\"summary_large_image\" \/>\n<meta name=\"twitter:label1\" content=\"Est. reading time\" \/>\n\t<meta name=\"twitter:data1\" content=\"1 minute\" \/>\n<script type=\"application\/ld+json\" class=\"yoast-schema-graph\">{\"@context\":\"https:\/\/schema.org\",\"@graph\":[{\"@type\":\"WebSite\",\"@id\":\"https:\/\/chorkunst.de\/#website\",\"url\":\"https:\/\/chorkunst.de\/\",\"name\":\"Schule f\u00fcr Chorkunst M\u00fcnchen\",\"description\":\"\",\"potentialAction\":[{\"@type\":\"SearchAction\",\"target\":{\"@type\":\"EntryPoint\",\"urlTemplate\":\"https:\/\/chorkunst.de\/?s={search_term_string}\"},\"query-input\":\"required name=search_term_string\"}],\"inLanguage\":\"en-US\"},{\"@type\":\"WebPage\",\"@id\":\"https:\/\/chorkunst.de\/ueber-uns\/gebuehrenordnung\/#webpage\",\"url\":\"https:\/\/chorkunst.de\/ueber-uns\/gebuehrenordnung\/\",\"name\":\"Kinderchor Tarife | M\u00fcnchen | Schule f\u00fcr Chorkunst\",\"isPartOf\":{\"@id\":\"https:\/\/chorkunst.de\/#website\"},\"datePublished\":\"2022-07-12T14:23:26+00:00\",\"dateModified\":\"2025-11-26T08:44:01+00:00\",\"description\":\"Die Tarife f\u00fcr die Ausbildung in unseren Kinderch\u00f6ren finden Sie hier. Bei weiteren Fragen wenden Sie sich bitte direkt an das Team der Schule f\u00fcr Chorkunst M\u00fcnchen.\",\"breadcrumb\":{\"@id\":\"https:\/\/chorkunst.de\/ueber-uns\/gebuehrenordnung\/#breadcrumb\"},\"inLanguage\":\"en-US\",\"potentialAction\":[{\"@type\":\"ReadAction\",\"target\":[\"https:\/\/chorkunst.de\/ueber-uns\/gebuehrenordnung\/\"]}]},{\"@type\":\"BreadcrumbList\",\"@id\":\"https:\/\/chorkunst.de\/ueber-uns\/gebuehrenordnung\/#breadcrumb\",\"itemListElement\":[{\"@type\":\"ListItem\",\"position\":1,\"name\":\"Startseite\",\"item\":\"https:\/\/chorkunst.de\/\"},{\"@type\":\"ListItem\",\"position\":2,\"name\":\"\u00dcber uns\",\"item\":\"https:\/\/chorkunst.de\/ueber-uns\/\"},{\"@type\":\"ListItem\",\"position\":3,\"name\":\"Geb\u00fchrenordnung\"}]}]}<\/script>\n<!-- \/ Yoast SEO plugin. -->","yoast_head_json":{"title":"Kinderchor Tarife | M\u00fcnchen | Schule f\u00fcr Chorkunst","description":"Die Tarife f\u00fcr die Ausbildung in unseren Kinderch\u00f6ren finden Sie hier. Bei weiteren Fragen wenden Sie sich bitte direkt an das Team der Schule f\u00fcr Chorkunst M\u00fcnchen.","robots":{"index":"index","follow":"follow","max-snippet":"max-snippet:-1","max-image-preview":"max-image-preview:large","max-video-preview":"max-video-preview:-1"},"canonical":"https:\/\/chorkunst.de\/en\/ueber-uns\/gebuehrenordnung\/","og_locale":"en_US","og_type":"article","og_title":"Kinderchor Tarife | M\u00fcnchen | Schule f\u00fcr Chorkunst","og_description":"Die Tarife f\u00fcr die Ausbildung in unseren Kinderch\u00f6ren finden Sie hier. Bei weiteren Fragen wenden Sie sich bitte direkt an das Team der Schule f\u00fcr Chorkunst M\u00fcnchen.","og_url":"https:\/\/chorkunst.de\/en\/ueber-uns\/gebuehrenordnung\/","og_site_name":"Schule f\u00fcr Chorkunst M\u00fcnchen","article_modified_time":"2025-11-26T08:44:01+00:00","author":"design","twitter_card":"summary_large_image","twitter_misc":{"Est. reading time":"1 minute"},"schema":{"@context":"https:\/\/schema.org","@graph":[{"@type":"WebSite","@id":"https:\/\/chorkunst.de\/#website","url":"https:\/\/chorkunst.de\/","name":"Schule f\u00fcr Chorkunst M\u00fcnchen","description":"","potentialAction":[{"@type":"SearchAction","target":{"@type":"EntryPoint","urlTemplate":"https:\/\/chorkunst.de\/?s={search_term_string}"},"query-input":"required name=search_term_string"}],"inLanguage":"en-US"},{"@type":"WebPage","@id":"https:\/\/chorkunst.de\/ueber-uns\/gebuehrenordnung\/#webpage","url":"https:\/\/chorkunst.de\/ueber-uns\/gebuehrenordnung\/","name":"Kinderchor Tarife | M\u00fcnchen | Schule f\u00fcr Chorkunst","isPartOf":{"@id":"https:\/\/chorkunst.de\/#website"},"datePublished":"2022-07-12T14:23:26+00:00","dateModified":"2025-11-26T08:44:01+00:00","description":"Die Tarife f\u00fcr die Ausbildung in unseren Kinderch\u00f6ren finden Sie hier. Bei weiteren Fragen wenden Sie sich bitte direkt an das Team der Schule f\u00fcr Chorkunst M\u00fcnchen.","breadcrumb":{"@id":"https:\/\/chorkunst.de\/ueber-uns\/gebuehrenordnung\/#breadcrumb"},"inLanguage":"en-US","potentialAction":[{"@type":"ReadAction","target":["https:\/\/chorkunst.de\/ueber-uns\/gebuehrenordnung\/"]}]},{"@type":"BreadcrumbList","@id":"https:\/\/chorkunst.de\/ueber-uns\/gebuehrenordnung\/#breadcrumb","itemListElement":[{"@type":"ListItem","position":1,"name":"Startseite","item":"https:\/\/chorkunst.de\/"},{"@type":"ListItem","position":2,"name":"\u00dcber uns","item":"https:\/\/chorkunst.de\/ueber-uns\/"},{"@type":"ListItem","position":3,"name":"Geb\u00fchrenordnung"}]}]}},"_links":{"self":[{"href":"https:\/\/chorkunst.de\/en\/wp-json\/wp\/v2\/pages\/2440","targetHints":{"allow":["GET"]}}],"collection":[{"href":"https:\/\/chorkunst.de\/en\/wp-json\/wp\/v2\/pages"}],"about":[{"href":"https:\/\/chorkunst.de\/en\/wp-json\/wp\/v2\/types\/page"}],"author":[{"embeddable":true,"href":"https:\/\/chorkunst.de\/en\/wp-json\/wp\/v2\/users\/4"}],"replies":[{"embeddable":true,"href":"https:\/\/chorkunst.de\/en\/wp-json\/wp\/v2\/comments?post=2440"}],"version-history":[{"count":0,"href":"https:\/\/chorkunst.de\/en\/wp-json\/wp\/v2\/pages\/2440\/revisions"}],"up":[{"embeddable":true,"href":"https:\/\/chorkunst.de\/en\/wp-json\/wp\/v2\/pages\/2437"}],"wp:attachment":[{"href":"https:\/\/chorkunst.de\/en\/wp-json\/wp\/v2\/media?parent=2440"}],"curies":[{"name":"wp","href":"https:\/\/api.w.org\/{rel}","templated":true}]}}