{"id":2155,"date":"2021-06-14T10:07:13","date_gmt":"2021-06-14T08:07:13","guid":{"rendered":"https:\/\/chorkunst.de\/?page_id=2155"},"modified":"2024-10-09T12:11:18","modified_gmt":"2024-10-09T10:11:18","slug":"impressum","status":"publish","type":"page","link":"https:\/\/chorkunst.de\/ru\/impressum\/","title":{"rendered":"\u041e\u0431\u0440\u0430\u0442\u043d\u0430\u044f \u0441\u0432\u044f\u0437\u044c"},"content":{"rendered":"<div data-elementor-type=\"wp-page\" data-elementor-id=\"2155\" class=\"elementor elementor-2155\" data-elementor-post-type=\"page\">\n\t\t\t\t\t\t<section class=\"elementor-section elementor-top-section elementor-element elementor-element-14846e0c elementor-section-boxed elementor-section-height-default elementor-section-height-default\" data-id=\"14846e0c\" data-element_type=\"section\">\n\t\t\t\t\t\t<div class=\"elementor-container elementor-column-gap-default\">\n\t\t\t\t\t<div class=\"elementor-column elementor-col-100 elementor-top-column elementor-element elementor-element-a87e8b4\" data-id=\"a87e8b4\" data-element_type=\"column\">\n\t\t\t<div class=\"elementor-widget-wrap elementor-element-populated\">\n\t\t\t\t\t\t<div class=\"elementor-element elementor-element-cf69845 elementor-widget elementor-widget-heading\" data-id=\"cf69845\" data-element_type=\"widget\" data-widget_type=\"heading.default\">\n\t\t\t\t<div class=\"elementor-widget-container\">\n\t\t\t\t\t<h2 class=\"elementor-heading-title elementor-size-default\"><h1 style=\"border: 0px;font-size: 2.66667rem;margin: 0px 0px 20px;padding: 0px;vertical-align: baseline;clear: both;line-height: 1.2;, sans-serif;white-space: normal;font-weight: bold !important\">\u041e\u0431\u0440\u0430\u0442\u043d\u0430\u044f \u0441\u0432\u044f\u0437\u044c<\/h1><\/h2>\t\t\t\t<\/div>\n\t\t\t\t<\/div>\n\t\t\t\t<div class=\"elementor-element elementor-element-33b1ebd2 elementor-widget elementor-widget-text-editor\" data-id=\"33b1ebd2\" data-element_type=\"widget\" data-widget_type=\"text-editor.default\">\n\t\t\t\t<div class=\"elementor-widget-container\">\n\t\t\t\t\t\t\t\t\t<p><strong>CHORKUNST INTERNATIONAL e.V.<\/strong><\/p>\n<p>Schule f\u00fcr Chorkunst M\u00fcnchen &#8211; Kinderch\u00f6re in M\u00fcnchen<br>Einsteinstra\u00dfe 123<br>81675 M\u00fcnchen<\/p>\n<p>Telefon: <a href=\"tel:+498912597793\">08912 597793<\/a><br>Mobil: <a href=\"tel:+491782831202\">01782 831202<\/a><br>E-Mail: <a href=\"mailto:info@chorkunst.de\">info@chorkunst.de<\/a><\/p>\n<p><b>Vertretungsberechtigter Vorstand:<\/b> Maksim Matsiushenkau<br><b><\/b><\/p>\n<p><b>Registereintrag:<\/b><br>Handelsregister: VR 205404 <br>Registergericht: Amtsgericht M\u00fcnchen<\/p>\t\t\t\t\t\t\t\t<\/div>\n\t\t\t\t<\/div>\n\t\t\t\t<div class=\"elementor-element elementor-element-f40c7f1 elementor-widget elementor-widget-text-editor\" data-id=\"f40c7f1\" data-element_type=\"widget\" data-widget_type=\"text-editor.default\">\n\t\t\t\t<div class=\"elementor-widget-container\">\n\t\t\t\t\t\t\t\t\t<p>\u00a0<\/p><hr \/><div>Ein Service von:<\/div><div><img decoding=\"async\" src=\"https:\/\/chorkunst.de\/wp-content\/uploads\/2021\/10\/logo-kunze-medien.png\" alt=\"\" width=\"288\" height=\"72\" \/><\/div>\t\t\t\t\t\t\t\t<\/div>\n\t\t\t\t<\/div>\n\t\t\t\t\t<\/div>\n\t\t<\/div>\n\t\t\t\t\t<\/div>\n\t\t<\/section>\n\t\t\t\t<\/div>","protected":false},"excerpt":{"rendered":"<p>Impressum CHORKUNST INTERNATIONAL e.V. Schule f\u00fcr Chorkunst M\u00fcnchen &#8211; Kinderch\u00f6re in M\u00fcnchenEinsteinstra\u00dfe 12381675 M\u00fcnchen Telefon: 08912 597793Mobil: 01782 831202E-Mail: info@chorkunst.de Vertretungsberechtigter Vorstand: Maksim Matsiushenkau Registereintrag:Handelsregister: VR 205404 Registergericht: Amtsgericht M\u00fcnchen \u00a0 Ein Service von:<\/p>","protected":false},"author":4,"featured_media":0,"parent":0,"menu_order":0,"comment_status":"closed","ping_status":"closed","template":"","meta":{"footnotes":""},"class_list":["post-2155","page","type-page","status-publish","hentry"],"yoast_head":"<!-- This site is optimized with the Yoast SEO plugin v19.2 - https:\/\/yoast.com\/wordpress\/plugins\/seo\/ -->\n<title>Impressum - Schule f\u00fcr Chorkunst M\u00fcnchen<\/title>\n<meta name=\"robots\" content=\"index, follow, max-snippet:-1, max-image-preview:large, max-video-preview:-1\" \/>\n<link rel=\"canonical\" href=\"https:\/\/chorkunst.de\/ru\/impressum\/\" \/>\n<meta property=\"og:locale\" content=\"ru_RU\" \/>\n<meta property=\"og:type\" content=\"article\" \/>\n<meta property=\"og:title\" content=\"Impressum - Schule f\u00fcr Chorkunst M\u00fcnchen\" \/>\n<meta property=\"og:description\" content=\"Impressum CHORKUNST INTERNATIONAL e.V. Schule f\u00fcr Chorkunst M\u00fcnchen &#8211; Kinderch\u00f6re in M\u00fcnchenEinsteinstra\u00dfe 12381675 M\u00fcnchen Telefon: 08912 597793Mobil: 01782 831202E-Mail: info@chorkunst.de Vertretungsberechtigter Vorstand: Maksim Matsiushenkau Registereintrag:Handelsregister: VR 205404 Registergericht: Amtsgericht M\u00fcnchen \u00a0 Ein Service von:\" \/>\n<meta property=\"og:url\" content=\"https:\/\/chorkunst.de\/ru\/impressum\/\" \/>\n<meta property=\"og:site_name\" content=\"Schule f\u00fcr Chorkunst M\u00fcnchen\" \/>\n<meta property=\"article:modified_time\" content=\"2024-10-09T10:11:18+00:00\" \/>\n<meta property=\"og:image\" content=\"https:\/\/chorkunst.de\/wp-content\/uploads\/2021\/10\/logo-kunze-medien.png\" \/>\n<meta name=\"author\" content=\"design\" \/>\n<meta name=\"twitter:card\" content=\"summary_large_image\" \/>\n<meta name=\"twitter:label1\" content=\"\u041f\u0440\u0438\u043c\u0435\u0440\u043d\u043e\u0435 \u0432\u0440\u0435\u043c\u044f \u0434\u043b\u044f \u0447\u0442\u0435\u043d\u0438\u044f\" \/>\n\t<meta name=\"twitter:data1\" content=\"1 \u043c\u0438\u043d\u0443\u0442\u0430\" \/>\n<script type=\"application\/ld+json\" class=\"yoast-schema-graph\">{\"@context\":\"https:\/\/schema.org\",\"@graph\":[{\"@type\":\"WebSite\",\"@id\":\"https:\/\/chorkunst.de\/#website\",\"url\":\"https:\/\/chorkunst.de\/\",\"name\":\"Schule f\u00fcr Chorkunst M\u00fcnchen\",\"description\":\"\",\"potentialAction\":[{\"@type\":\"SearchAction\",\"target\":{\"@type\":\"EntryPoint\",\"urlTemplate\":\"https:\/\/chorkunst.de\/?s={search_term_string}\"},\"query-input\":\"required name=search_term_string\"}],\"inLanguage\":\"ru-RU\"},{\"@type\":\"ImageObject\",\"inLanguage\":\"ru-RU\",\"@id\":\"https:\/\/chorkunst.de\/impressum\/#primaryimage\",\"url\":\"https:\/\/chorkunst.de\/wp-content\/uploads\/2021\/10\/logo-kunze-medien.png\",\"contentUrl\":\"https:\/\/chorkunst.de\/wp-content\/uploads\/2021\/10\/logo-kunze-medien.png\",\"width\":288,\"height\":72},{\"@type\":\"WebPage\",\"@id\":\"https:\/\/chorkunst.de\/impressum\/#webpage\",\"url\":\"https:\/\/chorkunst.de\/impressum\/\",\"name\":\"Impressum - Schule f\u00fcr Chorkunst M\u00fcnchen\",\"isPartOf\":{\"@id\":\"https:\/\/chorkunst.de\/#website\"},\"primaryImageOfPage\":{\"@id\":\"https:\/\/chorkunst.de\/impressum\/#primaryimage\"},\"datePublished\":\"2021-06-14T08:07:13+00:00\",\"dateModified\":\"2024-10-09T10:11:18+00:00\",\"breadcrumb\":{\"@id\":\"https:\/\/chorkunst.de\/impressum\/#breadcrumb\"},\"inLanguage\":\"ru-RU\",\"potentialAction\":[{\"@type\":\"ReadAction\",\"target\":[\"https:\/\/chorkunst.de\/impressum\/\"]}]},{\"@type\":\"BreadcrumbList\",\"@id\":\"https:\/\/chorkunst.de\/impressum\/#breadcrumb\",\"itemListElement\":[{\"@type\":\"ListItem\",\"position\":1,\"name\":\"Startseite\",\"item\":\"https:\/\/chorkunst.de\/\"},{\"@type\":\"ListItem\",\"position\":2,\"name\":\"Impressum\"}]}]}<\/script>\n<!-- \/ Yoast SEO plugin. -->","yoast_head_json":{"title":"Impressum - Schule f\u00fcr Chorkunst M\u00fcnchen","robots":{"index":"index","follow":"follow","max-snippet":"max-snippet:-1","max-image-preview":"max-image-preview:large","max-video-preview":"max-video-preview:-1"},"canonical":"https:\/\/chorkunst.de\/ru\/impressum\/","og_locale":"ru_RU","og_type":"article","og_title":"Impressum - Schule f\u00fcr Chorkunst M\u00fcnchen","og_description":"Impressum CHORKUNST INTERNATIONAL e.V. Schule f\u00fcr Chorkunst M\u00fcnchen &#8211; Kinderch\u00f6re in M\u00fcnchenEinsteinstra\u00dfe 12381675 M\u00fcnchen Telefon: 08912 597793Mobil: 01782 831202E-Mail: info@chorkunst.de Vertretungsberechtigter Vorstand: Maksim Matsiushenkau Registereintrag:Handelsregister: VR 205404 Registergericht: Amtsgericht M\u00fcnchen \u00a0 Ein Service von:","og_url":"https:\/\/chorkunst.de\/ru\/impressum\/","og_site_name":"Schule f\u00fcr Chorkunst M\u00fcnchen","article_modified_time":"2024-10-09T10:11:18+00:00","og_image":[{"url":"https:\/\/chorkunst.de\/wp-content\/uploads\/2021\/10\/logo-kunze-medien.png"}],"author":"design","twitter_card":"summary_large_image","twitter_misc":{"\u041f\u0440\u0438\u043c\u0435\u0440\u043d\u043e\u0435 \u0432\u0440\u0435\u043c\u044f \u0434\u043b\u044f \u0447\u0442\u0435\u043d\u0438\u044f":"1 \u043c\u0438\u043d\u0443\u0442\u0430"},"schema":{"@context":"https:\/\/schema.org","@graph":[{"@type":"WebSite","@id":"https:\/\/chorkunst.de\/#website","url":"https:\/\/chorkunst.de\/","name":"Schule f\u00fcr Chorkunst M\u00fcnchen","description":"","potentialAction":[{"@type":"SearchAction","target":{"@type":"EntryPoint","urlTemplate":"https:\/\/chorkunst.de\/?s={search_term_string}"},"query-input":"required name=search_term_string"}],"inLanguage":"ru-RU"},{"@type":"ImageObject","inLanguage":"ru-RU","@id":"https:\/\/chorkunst.de\/impressum\/#primaryimage","url":"https:\/\/chorkunst.de\/wp-content\/uploads\/2021\/10\/logo-kunze-medien.png","contentUrl":"https:\/\/chorkunst.de\/wp-content\/uploads\/2021\/10\/logo-kunze-medien.png","width":288,"height":72},{"@type":"WebPage","@id":"https:\/\/chorkunst.de\/impressum\/#webpage","url":"https:\/\/chorkunst.de\/impressum\/","name":"Impressum - Schule f\u00fcr Chorkunst M\u00fcnchen","isPartOf":{"@id":"https:\/\/chorkunst.de\/#website"},"primaryImageOfPage":{"@id":"https:\/\/chorkunst.de\/impressum\/#primaryimage"},"datePublished":"2021-06-14T08:07:13+00:00","dateModified":"2024-10-09T10:11:18+00:00","breadcrumb":{"@id":"https:\/\/chorkunst.de\/impressum\/#breadcrumb"},"inLanguage":"ru-RU","potentialAction":[{"@type":"ReadAction","target":["https:\/\/chorkunst.de\/impressum\/"]}]},{"@type":"BreadcrumbList","@id":"https:\/\/chorkunst.de\/impressum\/#breadcrumb","itemListElement":[{"@type":"ListItem","position":1,"name":"Startseite","item":"https:\/\/chorkunst.de\/"},{"@type":"ListItem","position":2,"name":"Impressum"}]}]}},"_links":{"self":[{"href":"https:\/\/chorkunst.de\/ru\/wp-json\/wp\/v2\/pages\/2155","targetHints":{"allow":["GET"]}}],"collection":[{"href":"https:\/\/chorkunst.de\/ru\/wp-json\/wp\/v2\/pages"}],"about":[{"href":"https:\/\/chorkunst.de\/ru\/wp-json\/wp\/v2\/types\/page"}],"author":[{"embeddable":true,"href":"https:\/\/chorkunst.de\/ru\/wp-json\/wp\/v2\/users\/4"}],"replies":[{"embeddable":true,"href":"https:\/\/chorkunst.de\/ru\/wp-json\/wp\/v2\/comments?post=2155"}],"version-history":[{"count":0,"href":"https:\/\/chorkunst.de\/ru\/wp-json\/wp\/v2\/pages\/2155\/revisions"}],"wp:attachment":[{"href":"https:\/\/chorkunst.de\/ru\/wp-json\/wp\/v2\/media?parent=2155"}],"curies":[{"name":"wp","href":"https:\/\/api.w.org\/{rel}","templated":true}]}}