{"id":2440,"date":"2022-07-12T16:23:26","date_gmt":"2022-07-12T14:23:26","guid":{"rendered":"https:\/\/chorkunst.de\/?page_id=2440"},"modified":"2025-11-26T09:44:01","modified_gmt":"2025-11-26T08:44:01","slug":"gebuehrenordnung","status":"publish","type":"page","link":"https:\/\/chorkunst.de\/ru\/ueber-uns\/gebuehrenordnung\/","title":{"rendered":"\u041f\u043b\u0430\u0442\u0430 \u0437\u0430 \u043e\u0431\u0443\u0447\u0435\u043d\u0438\u0435"},"content":{"rendered":"<div data-elementor-type=\"wp-page\" data-elementor-id=\"2440\" class=\"elementor elementor-2440\" data-elementor-post-type=\"page\">\n\t\t\t\t\t\t<section class=\"elementor-section elementor-top-section elementor-element elementor-element-31def83b elementor-section-height-min-height elementor-section-boxed elementor-section-height-default elementor-section-items-middle\" data-id=\"31def83b\" data-element_type=\"section\" data-settings=\"{&quot;background_background&quot;:&quot;classic&quot;}\">\n\t\t\t\t\t\t\t<div class=\"elementor-background-overlay\"><\/div>\n\t\t\t\t\t\t\t<div class=\"elementor-container elementor-column-gap-default\">\n\t\t\t\t\t<div class=\"elementor-column elementor-col-100 elementor-top-column elementor-element elementor-element-1c72db2f\" data-id=\"1c72db2f\" data-element_type=\"column\" data-settings=\"{&quot;background_background&quot;:&quot;classic&quot;}\">\n\t\t\t<div class=\"elementor-widget-wrap\">\n\t\t\t\t\t\t\t<\/div>\n\t\t<\/div>\n\t\t\t\t\t<\/div>\n\t\t<\/section>\n\t\t\t\t<section class=\"elementor-section elementor-top-section elementor-element elementor-element-f7c8ca2 elementor-section-boxed elementor-section-height-default elementor-section-height-default\" data-id=\"f7c8ca2\" data-element_type=\"section\" data-settings=\"{&quot;background_background&quot;:&quot;classic&quot;}\">\n\t\t\t\t\t\t<div class=\"elementor-container elementor-column-gap-default\">\n\t\t\t\t\t<div class=\"elementor-column elementor-col-100 elementor-top-column elementor-element elementor-element-a777d5a\" data-id=\"a777d5a\" data-element_type=\"column\" data-settings=\"{&quot;background_background&quot;:&quot;classic&quot;}\">\n\t\t\t<div class=\"elementor-widget-wrap elementor-element-populated\">\n\t\t\t\t\t\t<section class=\"elementor-section elementor-inner-section elementor-element elementor-element-2420cae elementor-section-boxed elementor-section-height-default elementor-section-height-default\" data-id=\"2420cae\" data-element_type=\"section\">\n\t\t\t\t\t\t<div class=\"elementor-container elementor-column-gap-default\">\n\t\t\t\t\t<div class=\"elementor-column elementor-col-100 elementor-inner-column elementor-element elementor-element-f45266e\" data-id=\"f45266e\" data-element_type=\"column\">\n\t\t\t<div class=\"elementor-widget-wrap elementor-element-populated\">\n\t\t\t\t\t\t<div class=\"elementor-element elementor-element-5e97cd1 elementor-widget elementor-widget-heading\" data-id=\"5e97cd1\" data-element_type=\"widget\" data-widget_type=\"heading.default\">\n\t\t\t\t<div class=\"elementor-widget-container\">\n\t\t\t\t\t<h1 class=\"elementor-heading-title elementor-size-default\">\u0422\u0430\u0440\u0438\u0444\u044b \u043d\u0430\u0448\u0435\u0439 \u0445\u043e\u0440\u043e\u0432\u043e\u0439 \u0448\u043a\u043e\u043b\u044b<\/h1>\t\t\t\t<\/div>\n\t\t\t\t<\/div>\n\t\t\t\t<div class=\"elementor-element elementor-element-653c979 elementor-widget elementor-widget-text-editor\" data-id=\"653c979\" data-element_type=\"widget\" data-widget_type=\"text-editor.default\">\n\t\t\t\t<div class=\"elementor-widget-container\">\n\t\t\t\t\t\t\t\t\t<p>\u0417\u0434\u0435\u0441\u044c \u0432\u044b \u043d\u0430\u0439\u0434\u0435\u0442\u0435 \u0430\u043a\u0442\u0443\u0430\u043b\u044c\u043d\u044b\u0439 \u0441\u043f\u0438\u0441\u043e\u043a \u043d\u0430\u0448\u0438\u0445 \u0442\u0430\u0440\u0438\u0444\u043e\u0432 \u0432 \u0441\u043e\u043e\u0442\u0432\u0435\u0442\u0441\u0442\u0432\u0438\u0438 \u0441 \u043f\u0440\u0435\u0439\u0441\u043a\u0443\u0440\u0430\u043d\u0442\u043e\u043c. \u0415\u0441\u043b\u0438 \u0443 \u0432\u0430\u0441 \u0435\u0441\u0442\u044c \u043a\u0430\u043a\u0438\u0435-\u043b\u0438\u0431\u043e \u0432\u043e\u043f\u0440\u043e\u0441\u044b, \u043f\u043e\u0436\u0430\u043b\u0443\u0439\u0441\u0442\u0430, \u043d\u0435 \u0441\u0442\u0435\u0441\u043d\u044f\u0439\u0442\u0435\u0441\u044c \u043e\u0431\u0440\u0430\u0449\u0430\u0442\u044c\u0441\u044f \u043a \u043d\u0430\u043c \u043b\u0438\u0447\u043d\u043e \u0432 \u043b\u044e\u0431\u043e\u0435 \u0432\u0440\u0435\u043c\u044f.<\/p>\t\t\t\t\t\t\t\t<\/div>\n\t\t\t\t<\/div>\n\t\t\t\t\t<\/div>\n\t\t<\/div>\n\t\t\t\t\t<\/div>\n\t\t<\/section>\n\t\t\t\t<div class=\"elementor-element elementor-element-3c46a60 elementor-mobile-align-center elementor-align-center elementor-widget elementor-widget-button\" data-id=\"3c46a60\" data-element_type=\"widget\" data-widget_type=\"button.default\">\n\t\t\t\t<div class=\"elementor-widget-container\">\n\t\t\t\t\t\t\t\t\t<div class=\"elementor-button-wrapper\">\n\t\t\t\t\t<a class=\"elementor-button elementor-button-link elementor-size-sm\" href=\"tel:+498912597793\">\n\t\t\t\t\t\t<span class=\"elementor-button-content-wrapper\">\n\t\t\t\t\t\t\t\t\t<span class=\"elementor-button-text\">08912 597793<\/span>\n\t\t\t\t\t<\/span>\n\t\t\t\t\t<\/a>\n\t\t\t\t<\/div>\n\t\t\t\t\t\t\t\t<\/div>\n\t\t\t\t<\/div>\n\t\t\t\t\t<\/div>\n\t\t<\/div>\n\t\t\t\t\t<\/div>\n\t\t<\/section>\n\t\t\t\t<section class=\"elementor-section elementor-top-section elementor-element elementor-element-51e6397 elementor-section-boxed elementor-section-height-default elementor-section-height-default\" data-id=\"51e6397\" data-element_type=\"section\">\n\t\t\t\t\t\t<div class=\"elementor-container elementor-column-gap-default\">\n\t\t\t\t\t<div class=\"elementor-column elementor-col-100 elementor-top-column elementor-element elementor-element-45d19e7\" data-id=\"45d19e7\" data-element_type=\"column\" data-settings=\"{&quot;background_background&quot;:&quot;classic&quot;}\">\n\t\t\t<div class=\"elementor-widget-wrap elementor-element-populated\">\n\t\t\t\t\t\t<div class=\"elementor-element elementor-element-859dc12 elementor-widget elementor-widget-heading\" data-id=\"859dc12\" data-element_type=\"widget\" data-widget_type=\"heading.default\">\n\t\t\t\t<div class=\"elementor-widget-container\">\n\t\t\t\t\t<h3 class=\"elementor-heading-title elementor-size-default\">\u0410\u043a\u0442\u0443\u0430\u043b\u044c\u043d\u044b\u0439 \u043f\u0440\u0435\u0439\u0441\u043a\u0443\u0440\u0430\u043d\u0442<\/h3>\t\t\t\t<\/div>\n\t\t\t\t<\/div>\n\t\t\t\t<div class=\"elementor-element elementor-element-c4b6373 customTable elementor-widget elementor-widget-text-editor\" data-id=\"c4b6373\" data-element_type=\"widget\" data-widget_type=\"text-editor.default\">\n\t\t\t\t<div class=\"elementor-widget-container\">\n\t\t\t\t\t\t\t\t\t<table class=\"aligncenter\" width=\"963\"><tbody><tr><td colspan=\"2\" width=\"527\">\u041f\u0440\u0435\u0434\u043c\u0435\u0442<\/td><td width=\"274\"><strong>\u0423\u0440\u043e\u043a\u043e\u0432 \u0432 \u043d\u0435\u0434\u0435\u043b\u044e<\/strong><\/td><td width=\"163\"><strong>\u041f\u043b\u0430\u0442\u0430 \u0432 \u043c\u0435\u0441\u044f\u0446<\/strong><\/td><\/tr><tr><td colspan=\"2\" width=\"527\">\u041f\u043e\u0434\u0433\u043e\u0442\u043e\u0432\u0438\u0442\u0435\u043b\u044c\u043d\u044b\u0439 \u043a\u0443\u0440\u0441 (\u0445\u043e\u0440 I), \u0432\u043e\u0437\u0440\u0430\u0441\u0442 4-6 \u043b\u0435\u0442<\/td><td width=\"274\">60 \u043c\u0438\u043d<\/td><td width=\"163\">45 Euro<\/td><\/tr><tr><td colspan=\"2\" width=\"527\">\u041e\u0441\u043d\u043e\u0432\u043d\u043e\u0439 \u0434\u0435\u0442\u0441\u043a\u0438\u0439 \u0445\u043e\u0440 (\u0445\u043e\u0440 II), \u0432\u043e\u0437\u0440\u0430\u0441\u0442 6-9 \u043b\u0435\u0442<\/td><td width=\"274\">2 x 90 \u043c\u0438\u043d (=180 \u043c\u0438\u043d)<\/td><td width=\"163\">80 Euro<\/td><\/tr><tr><td colspan=\"2\" width=\"527\">\u041a\u043e\u043d\u0446\u0435\u0440\u0442\u043d\u044b\u0439 \u0445\u043e\u0440 - (\u0445\u043e\u0440 III), \u0432\u043e\u0437\u0440\u0430\u0441\u0442 9-17 \u043b\u0435\u0442<\/td><td width=\"274\">2 x 120 \u043c\u0438\u043d (=240 \u043c\u0438\u043d)<\/td><td width=\"163\">80 Euro<\/td><\/tr><tr><td colspan=\"2\" width=\"527\"><p>\u0427\u0430\u0441\u0442\u043d\u044b\u0435 \u0443\u0440\u043e\u043a\u0438: \u043f\u043e\u0441\u0442\u0430\u043d\u043e\u0432\u043a\u0430 \u0433\u043e\u043b\u043e\u0441\u0430, \u0444\u043e\u0440\u0442\u0435\u043f\u0438\u0430\u043d\u043e<\/p><p><span style=\"color: #3366ff;\">(\u043f\u0440\u0438 \u0443\u0447\u0430\u0441\u0442\u0438\u0438 \u0432 \u043e\u0434\u043d\u043e\u043c \u0438\u0437 \u043d\u0430\u0448\u0438\u0445 \u0445\u043e\u0440\u043e\u0432)<\/span><\/p><\/td><td width=\"274\"><p>30 \u043c\u0438\u043d<\/p><p>45 \u043c\u0438\u043d<\/p><p>60 \u043c\u0438\u043d<\/p><\/td><td width=\"163\"><p>90 Euro<\/p><p>125 Euro<\/p><p>160 Euro<\/p><\/td><\/tr><tr><td colspan=\"2\" width=\"527\"><p>\u0427\u0430\u0441\u0442\u043d\u044b\u0435 \u0443\u0440\u043e\u043a\u0438: \u043f\u043e\u0441\u0442\u0430\u043d\u043e\u0432\u043a\u0430 \u0433\u043e\u043b\u043e\u0441\u0430, \u0444\u043e\u0440\u0442\u0435\u043f\u0438\u0430\u043d\u043e<\/p><p><span style=\"color: #3366ff;\">(\u0431\u0435\u0437 \u0443\u0447\u0430\u0441\u0442\u0438\u044f \u0432 \u043e\u0434\u043d\u043e\u043c \u0438\u0437 \u043d\u0430\u0448\u0438\u0445 \u0445\u043e\u0440\u043e\u0432)<\/span><\/p><\/td><td width=\"274\"><p>30 \u043c\u0438\u043d<\/p><p>45 \u043c\u0438\u043d<\/p><p>60 \u043c\u0438\u043d<\/p><\/td><td width=\"163\"><p>105 Euro<\/p><p>155 Euro<\/p><p>205 Euro<\/p><\/td><\/tr><tr><td width=\"311\"><p>\u041f\u0440\u043e\u0431\u043d\u044b\u0439 \u0443\u0440\u043e\u043a \u0435\u0434\u0438\u043d\u043e\u0440\u0430\u0437\u043e\u0432\u043e<\/p><p>\u041e\u043f\u043b\u0430\u0447\u0438\u0432\u0430\u0435\u0442\u0441\u044f \u043d\u0430\u043b\u0438\u0447\u043d\u044b\u043c\u0438.<\/p><\/td><td width=\"216\"><p>\u0413\u0440\u0443\u043f\u043f\u043e\u0432\u044b\u0435 \u0437\u0430\u043d\u044f\u0442\u0438\u044f<\/p><p>\u0427\u0430\u0441\u0442\u043d\u044b\u0435 \u0443\u0440\u043e\u043a\u0438<\/p><\/td><td width=\"274\"><p>\u0435\u0434\u0438\u043d\u043e\u0440\u0430\u0437\u043e\u0432\u043e<\/p><p>\u0435\u0434\u0438\u043d\u043e\u0440\u0430\u0437\u043e\u0432\u043e<\/p><\/td><td width=\"163\"><p>10 Euro<\/p><p>15 Euro<\/p><\/td><\/tr><tr><td colspan=\"4\" width=\"963\"><table style=\"height: 51px;\" width=\"954\"><tbody><tr><td style=\"text-align: right;\" colspan=\"4\" width=\"963\"><p style=\"text-align: center;\"><span style=\"font-size: 14.4px;\">\u0420\u0435\u0433\u0438\u0441\u0442\u0440\u0430\u0446\u0438\u043e\u043d\u043d\u044b\u0439 \u0432\u0437\u043d\u043e\u0441 (\u043f\u0440\u0438 \u043f\u0435\u0440\u0432\u043e\u0439 \u0440\u0435\u0433\u0438\u0441\u0442\u0440\u0430\u0446\u0438\u0438) 20 Euro<\/span><\/p><\/td><\/tr><\/tbody><\/table><p>\u0421\u043a\u0438\u0434\u043a\u0438 \u0434\u043b\u044f \u0431\u0440\u0430\u0442\u044c\u0435\u0432 \u0438 \u0441\u0435\u0441\u0442\u0435\u0440: \u0434\u043b\u044f 2-\u0433\u043e \u0440\u0435\u0431\u0435\u043d\u043a\u0430 \u0432 \u0441\u0435\u043c\u044c\u0435 10%, \u0434\u043b\u044f 3-\u0433\u043e \u0440\u0435\u0431\u0435\u043d\u043a\u0430 20%, \u0434\u043b\u044f 4-\u0433\u043e \u0440\u0435\u0431\u0435\u043d\u043a\u0430 30%.<\/p><\/td><\/tr><\/tbody><\/table>\t\t\t\t\t\t\t\t<\/div>\n\t\t\t\t<\/div>\n\t\t\t\t\t<\/div>\n\t\t<\/div>\n\t\t\t\t\t<\/div>\n\t\t<\/section>\n\t\t\t\t<section class=\"elementor-section elementor-top-section elementor-element elementor-element-f19aacd elementor-section-boxed elementor-section-height-default elementor-section-height-default\" data-id=\"f19aacd\" data-element_type=\"section\" data-settings=\"{&quot;background_background&quot;:&quot;classic&quot;}\">\n\t\t\t\t\t\t\t<div class=\"elementor-background-overlay\"><\/div>\n\t\t\t\t\t\t\t<div class=\"elementor-container elementor-column-gap-default\">\n\t\t\t\t\t<div class=\"elementor-column elementor-col-100 elementor-top-column elementor-element elementor-element-ef9a354\" data-id=\"ef9a354\" data-element_type=\"column\" data-settings=\"{&quot;background_background&quot;:&quot;classic&quot;}\">\n\t\t\t<div class=\"elementor-widget-wrap elementor-element-populated\">\n\t\t\t\t\t\t<div class=\"elementor-element elementor-element-4043b6b elementor-widget elementor-widget-menu-anchor\" data-id=\"4043b6b\" data-element_type=\"widget\" data-widget_type=\"menu-anchor.default\">\n\t\t\t\t<div class=\"elementor-widget-container\">\n\t\t\t\t\t\t\t<div class=\"elementor-menu-anchor\" id=\"zumcasting\"><\/div>\n\t\t\t\t\t\t<\/div>\n\t\t\t\t<\/div>\n\t\t\t\t<div class=\"elementor-element elementor-element-b2c52a3 elementor-widget elementor-widget-heading\" data-id=\"b2c52a3\" data-element_type=\"widget\" data-widget_type=\"heading.default\">\n\t\t\t\t<div class=\"elementor-widget-container\">\n\t\t\t\t\t<h2 class=\"elementor-heading-title elementor-size-default\">\u0423 \u0432\u0430\u0441 \u0435\u0441\u0442\u044c \u0432\u043e\u043f\u0440\u043e\u0441\u044b \u043e \u043f\u0440\u0438\u0432\u0435\u0434\u0435\u043d\u043d\u044b\u0445 \u0437\u0434\u0435\u0441\u044c \u0446\u0435\u043d\u0430\u0445? \u0421\u043e\u0442\u0440\u0443\u0434\u043d\u0438\u043a\u0438 \u043d\u0430\u0448\u0435\u0439 \u043c\u0443\u0437\u044b\u043a\u0430\u043b\u044c\u043d\u043e\u0439 \u0448\u043a\u043e\u043b\u044b \u0431\u0443\u0434\u0443\u0442 \u0440\u0430\u0434\u044b \u043f\u043e\u043c\u043e\u0447\u044c \u0432\u0430\u043c \u043b\u0438\u0447\u043d\u043e.<\/h2>\t\t\t\t<\/div>\n\t\t\t\t<\/div>\n\t\t\t\t<div class=\"elementor-element elementor-element-9a53e4d elementor-mobile-align-center elementor-align-center elementor-widget elementor-widget-button\" data-id=\"9a53e4d\" data-element_type=\"widget\" data-widget_type=\"button.default\">\n\t\t\t\t<div class=\"elementor-widget-container\">\n\t\t\t\t\t\t\t\t\t<div class=\"elementor-button-wrapper\">\n\t\t\t\t\t<a class=\"elementor-button elementor-button-link elementor-size-sm\" href=\"tel:+498912597793\">\n\t\t\t\t\t\t<span class=\"elementor-button-content-wrapper\">\n\t\t\t\t\t\t\t\t\t<span class=\"elementor-button-text\">08912 597793<\/span>\n\t\t\t\t\t<\/span>\n\t\t\t\t\t<\/a>\n\t\t\t\t<\/div>\n\t\t\t\t\t\t\t\t<\/div>\n\t\t\t\t<\/div>\n\t\t\t\t\t<\/div>\n\t\t<\/div>\n\t\t\t\t\t<\/div>\n\t\t<\/section>\n\t\t\t\t<\/div>","protected":false},"excerpt":{"rendered":"<p>Tarife unserer Chorschule Hier finden Sie die aktuelle Liste unserer Tarife entsprechend der Geb\u00fchrenordnung. Bei Fragen melden Sie sich gern jederzeit pers\u00f6nlich bei uns. 08912 597793 Aktuelle Geb\u00fchrenordnung Unterrichtsfach Unterrichtseinheit pro Woche Geb\u00fchren pro Monat Vorkurs (Chor I), Alter 4-6 Jahre 60 Min 45 Euro Basis-Kinderchor (Chor II), Alter 6-9 Jahre 2 x 90 Min [&hellip;]<\/p>","protected":false},"author":4,"featured_media":0,"parent":2437,"menu_order":0,"comment_status":"closed","ping_status":"closed","template":"","meta":{"footnotes":""},"class_list":["post-2440","page","type-page","status-publish","hentry"],"yoast_head":"<!-- This site is optimized with the Yoast SEO plugin v19.2 - https:\/\/yoast.com\/wordpress\/plugins\/seo\/ -->\n<title>Kinderchor Tarife | M\u00fcnchen | Schule f\u00fcr Chorkunst<\/title>\n<meta name=\"description\" content=\"Die Tarife f\u00fcr die Ausbildung in unseren Kinderch\u00f6ren finden Sie hier. Bei weiteren Fragen wenden Sie sich bitte direkt an das Team der Schule f\u00fcr Chorkunst M\u00fcnchen.\" \/>\n<meta name=\"robots\" content=\"index, follow, max-snippet:-1, max-image-preview:large, max-video-preview:-1\" \/>\n<link rel=\"canonical\" href=\"https:\/\/chorkunst.de\/ru\/ueber-uns\/gebuehrenordnung\/\" \/>\n<meta property=\"og:locale\" content=\"ru_RU\" \/>\n<meta property=\"og:type\" content=\"article\" \/>\n<meta property=\"og:title\" content=\"Kinderchor Tarife | M\u00fcnchen | Schule f\u00fcr Chorkunst\" \/>\n<meta property=\"og:description\" content=\"Die Tarife f\u00fcr die Ausbildung in unseren Kinderch\u00f6ren finden Sie hier. Bei weiteren Fragen wenden Sie sich bitte direkt an das Team der Schule f\u00fcr Chorkunst M\u00fcnchen.\" \/>\n<meta property=\"og:url\" content=\"https:\/\/chorkunst.de\/ru\/ueber-uns\/gebuehrenordnung\/\" \/>\n<meta property=\"og:site_name\" content=\"Schule f\u00fcr Chorkunst M\u00fcnchen\" \/>\n<meta property=\"article:modified_time\" content=\"2025-11-26T08:44:01+00:00\" \/>\n<meta name=\"author\" content=\"design\" \/>\n<meta name=\"twitter:card\" content=\"summary_large_image\" \/>\n<meta name=\"twitter:label1\" content=\"\u041f\u0440\u0438\u043c\u0435\u0440\u043d\u043e\u0435 \u0432\u0440\u0435\u043c\u044f \u0434\u043b\u044f \u0447\u0442\u0435\u043d\u0438\u044f\" \/>\n\t<meta name=\"twitter:data1\" content=\"1 \u043c\u0438\u043d\u0443\u0442\u0430\" \/>\n<script type=\"application\/ld+json\" class=\"yoast-schema-graph\">{\"@context\":\"https:\/\/schema.org\",\"@graph\":[{\"@type\":\"WebSite\",\"@id\":\"https:\/\/chorkunst.de\/#website\",\"url\":\"https:\/\/chorkunst.de\/\",\"name\":\"Schule f\u00fcr Chorkunst M\u00fcnchen\",\"description\":\"\",\"potentialAction\":[{\"@type\":\"SearchAction\",\"target\":{\"@type\":\"EntryPoint\",\"urlTemplate\":\"https:\/\/chorkunst.de\/?s={search_term_string}\"},\"query-input\":\"required name=search_term_string\"}],\"inLanguage\":\"ru-RU\"},{\"@type\":\"WebPage\",\"@id\":\"https:\/\/chorkunst.de\/ueber-uns\/gebuehrenordnung\/#webpage\",\"url\":\"https:\/\/chorkunst.de\/ueber-uns\/gebuehrenordnung\/\",\"name\":\"Kinderchor Tarife | M\u00fcnchen | Schule f\u00fcr Chorkunst\",\"isPartOf\":{\"@id\":\"https:\/\/chorkunst.de\/#website\"},\"datePublished\":\"2022-07-12T14:23:26+00:00\",\"dateModified\":\"2025-11-26T08:44:01+00:00\",\"description\":\"Die Tarife f\u00fcr die Ausbildung in unseren Kinderch\u00f6ren finden Sie hier. Bei weiteren Fragen wenden Sie sich bitte direkt an das Team der Schule f\u00fcr Chorkunst M\u00fcnchen.\",\"breadcrumb\":{\"@id\":\"https:\/\/chorkunst.de\/ueber-uns\/gebuehrenordnung\/#breadcrumb\"},\"inLanguage\":\"ru-RU\",\"potentialAction\":[{\"@type\":\"ReadAction\",\"target\":[\"https:\/\/chorkunst.de\/ueber-uns\/gebuehrenordnung\/\"]}]},{\"@type\":\"BreadcrumbList\",\"@id\":\"https:\/\/chorkunst.de\/ueber-uns\/gebuehrenordnung\/#breadcrumb\",\"itemListElement\":[{\"@type\":\"ListItem\",\"position\":1,\"name\":\"Startseite\",\"item\":\"https:\/\/chorkunst.de\/\"},{\"@type\":\"ListItem\",\"position\":2,\"name\":\"\u00dcber uns\",\"item\":\"https:\/\/chorkunst.de\/ueber-uns\/\"},{\"@type\":\"ListItem\",\"position\":3,\"name\":\"Geb\u00fchrenordnung\"}]}]}<\/script>\n<!-- \/ Yoast SEO plugin. -->","yoast_head_json":{"title":"Kinderchor Tarife | M\u00fcnchen | Schule f\u00fcr Chorkunst","description":"Die Tarife f\u00fcr die Ausbildung in unseren Kinderch\u00f6ren finden Sie hier. Bei weiteren Fragen wenden Sie sich bitte direkt an das Team der Schule f\u00fcr Chorkunst M\u00fcnchen.","robots":{"index":"index","follow":"follow","max-snippet":"max-snippet:-1","max-image-preview":"max-image-preview:large","max-video-preview":"max-video-preview:-1"},"canonical":"https:\/\/chorkunst.de\/ru\/ueber-uns\/gebuehrenordnung\/","og_locale":"ru_RU","og_type":"article","og_title":"Kinderchor Tarife | M\u00fcnchen | Schule f\u00fcr Chorkunst","og_description":"Die Tarife f\u00fcr die Ausbildung in unseren Kinderch\u00f6ren finden Sie hier. Bei weiteren Fragen wenden Sie sich bitte direkt an das Team der Schule f\u00fcr Chorkunst M\u00fcnchen.","og_url":"https:\/\/chorkunst.de\/ru\/ueber-uns\/gebuehrenordnung\/","og_site_name":"Schule f\u00fcr Chorkunst M\u00fcnchen","article_modified_time":"2025-11-26T08:44:01+00:00","author":"design","twitter_card":"summary_large_image","twitter_misc":{"\u041f\u0440\u0438\u043c\u0435\u0440\u043d\u043e\u0435 \u0432\u0440\u0435\u043c\u044f \u0434\u043b\u044f \u0447\u0442\u0435\u043d\u0438\u044f":"1 \u043c\u0438\u043d\u0443\u0442\u0430"},"schema":{"@context":"https:\/\/schema.org","@graph":[{"@type":"WebSite","@id":"https:\/\/chorkunst.de\/#website","url":"https:\/\/chorkunst.de\/","name":"Schule f\u00fcr Chorkunst M\u00fcnchen","description":"","potentialAction":[{"@type":"SearchAction","target":{"@type":"EntryPoint","urlTemplate":"https:\/\/chorkunst.de\/?s={search_term_string}"},"query-input":"required name=search_term_string"}],"inLanguage":"ru-RU"},{"@type":"WebPage","@id":"https:\/\/chorkunst.de\/ueber-uns\/gebuehrenordnung\/#webpage","url":"https:\/\/chorkunst.de\/ueber-uns\/gebuehrenordnung\/","name":"Kinderchor Tarife | M\u00fcnchen | Schule f\u00fcr Chorkunst","isPartOf":{"@id":"https:\/\/chorkunst.de\/#website"},"datePublished":"2022-07-12T14:23:26+00:00","dateModified":"2025-11-26T08:44:01+00:00","description":"Die Tarife f\u00fcr die Ausbildung in unseren Kinderch\u00f6ren finden Sie hier. Bei weiteren Fragen wenden Sie sich bitte direkt an das Team der Schule f\u00fcr Chorkunst M\u00fcnchen.","breadcrumb":{"@id":"https:\/\/chorkunst.de\/ueber-uns\/gebuehrenordnung\/#breadcrumb"},"inLanguage":"ru-RU","potentialAction":[{"@type":"ReadAction","target":["https:\/\/chorkunst.de\/ueber-uns\/gebuehrenordnung\/"]}]},{"@type":"BreadcrumbList","@id":"https:\/\/chorkunst.de\/ueber-uns\/gebuehrenordnung\/#breadcrumb","itemListElement":[{"@type":"ListItem","position":1,"name":"Startseite","item":"https:\/\/chorkunst.de\/"},{"@type":"ListItem","position":2,"name":"\u00dcber uns","item":"https:\/\/chorkunst.de\/ueber-uns\/"},{"@type":"ListItem","position":3,"name":"Geb\u00fchrenordnung"}]}]}},"_links":{"self":[{"href":"https:\/\/chorkunst.de\/ru\/wp-json\/wp\/v2\/pages\/2440","targetHints":{"allow":["GET"]}}],"collection":[{"href":"https:\/\/chorkunst.de\/ru\/wp-json\/wp\/v2\/pages"}],"about":[{"href":"https:\/\/chorkunst.de\/ru\/wp-json\/wp\/v2\/types\/page"}],"author":[{"embeddable":true,"href":"https:\/\/chorkunst.de\/ru\/wp-json\/wp\/v2\/users\/4"}],"replies":[{"embeddable":true,"href":"https:\/\/chorkunst.de\/ru\/wp-json\/wp\/v2\/comments?post=2440"}],"version-history":[{"count":0,"href":"https:\/\/chorkunst.de\/ru\/wp-json\/wp\/v2\/pages\/2440\/revisions"}],"up":[{"embeddable":true,"href":"https:\/\/chorkunst.de\/ru\/wp-json\/wp\/v2\/pages\/2437"}],"wp:attachment":[{"href":"https:\/\/chorkunst.de\/ru\/wp-json\/wp\/v2\/media?parent=2440"}],"curies":[{"name":"wp","href":"https:\/\/api.w.org\/{rel}","templated":true}]}}